{"id":1513,"date":"2009-10-15T18:08:41","date_gmt":"2009-10-15T16:08:41","guid":{"rendered":"\/7alire\/?page_id=1513"},"modified":"2010-02-15T12:36:40","modified_gmt":"2010-02-15T10:36:40","slug":"agenda","status":"publish","type":"page","link":"https:\/\/www.o-p-i.fr\/7alire\/agenda\/","title":{"rendered":"Agenda"},"content":{"rendered":"<ul>\n<li><strong><a href=\"https:\/\/www.o-p-i.fr\/7alire\/category\/occitanie\/icalanar\/\" target=\"_self\">Voir I CAL ANAR<\/a><\/strong><\/li>\n<li><strong><a href=\"https:\/\/www.o-p-i.fr\/7alire\/category\/journal_passionnes\/7-a-savoir-ont-anar\/\" target=\"_self\">Voir 7 \u00e0 savoir ! Ont anar !<\/a><\/strong><\/li>\n<\/ul>\n<blockquote><p><strong>Cliquez sur un \u00e9v\u00e8nement pour avoir plus de renseignements<\/strong><\/p><\/blockquote>\n<p><iframe loading=\"lazy\" src=\"https:\/\/www.google.com\/calendar\/embed?title=Les%20rendez-vous%20des%20passionn%C3%A9-e-s&amp;mode=AGENDA&amp;height=800&amp;wkst=2&amp;bgcolor=%23FFFFFF&amp;src=f6em6hgiu5berg81jcfufgtoe8%40group.calendar.google.com&amp;color=%230D7813&amp;src=p739l9qfhstlgkel9ppqc04btk%40group.calendar.google.com&amp;color=%23A32929&amp;src=99u71bir8h7fchvtph01ldvj34%40group.calendar.google.com&amp;color=%23B1440E&amp;src=n0h6va30sdjkuvoet4vbmpc21g%40group.calendar.google.com&amp;color=%235229A3&amp;src=iv9joiol0q9eo3evav23e50b20%40group.calendar.google.com&amp;color=%2329527A&amp;src=5eqc869rqujubj4k80n2st2qm0%40group.calendar.google.com&amp;color=%238D6F47&amp;src=sfdalmav7ilbn1luq2se9ef7e8%40group.calendar.google.com&amp;color=%234A716C&amp;src=sqbf779ep3h1kg26m5oc64ci48%40group.calendar.google.com&amp;color=%237A367A&amp;src=bp9jqk2q61u2spmjo445i2mmvo%40group.calendar.google.com&amp;color=%23528800&amp;src=mkruts50s7babddnrml8cj2f58%40group.calendar.google.com&amp;color=%236E6E41&amp;src=0tu988r87p9np22n2jaeksqbq8%40group.calendar.google.com&amp;color=%234E5D6C&amp;src=j5nljih09o4laett16tvg5cf0g%40group.calendar.google.com&amp;color=%235A6986&amp;src=5gikh8mnku5ugl9u25rlelita8%40group.calendar.google.com&amp;color=%23AB8B00&amp;src=3kusgp15i69duaaqa481qmsa4o%40group.calendar.google.com&amp;color=%23B1365F&amp;src=ags078l4vmrm07jfhbp2uumf0o%40group.calendar.google.com&amp;color=%232952A3&amp;src=1vp8hrmh3i3ordrkvnna0ojkpc%40group.calendar.google.com&amp;color=%23865A5A&amp;src=6sq49vre4hf3l061iokv7tg8n4%40group.calendar.google.com&amp;color=%234A716C&amp;src=uo8mbrm2oibbkb9sb91v21ukq0%40group.calendar.google.com&amp;color=%231B887A&amp;src=cp9fkdu9o6s2spktvr56q4k660%40group.calendar.google.com&amp;color=%2328754E&amp;src=er9raosss8vuf6vn21p2l3p384%40group.calendar.google.com&amp;color=%23705770&amp;src=7hp03cri2em4h457ntm0jd20d0%40group.calendar.google.com&amp;color=%23BE6D00&amp;src=8tf1eojvj0brsg1pqrukc9tfdo%40group.calendar.google.com&amp;color=%2388880E&amp;src=fr.french%23holiday%40group.v.calendar.google.com&amp;color=%23A32929&amp;ctz=Europe%2FParis\" style=\" border-width:0 \" width=\"900\" height=\"800\" frameborder=\"0\" scrolling=\"no\"><\/iframe><\/p>\n","protected":false},"excerpt":{"rendered":"<div class=\"mh-excerpt\">Voir I CAL ANAR Voir 7 \u00e0 savoir ! Ont anar ! Cliquez sur un \u00e9v\u00e8nement pour avoir plus de renseignements<\/div>\n","protected":false},"author":1,"featured_media":0,"parent":0,"menu_order":0,"comment_status":"closed","ping_status":"open","template":"","meta":{"footnotes":"","_links_to":"","_links_to_target":""},"coauthors":[],"class_list":["post-1513","page","type-page","status-publish"],"jetpack_sharing_enabled":true,"_links":{"self":[{"href":"https:\/\/www.o-p-i.fr\/7alire\/wp-json\/wp\/v2\/pages\/1513","targetHints":{"allow":["GET"]}}],"collection":[{"href":"https:\/\/www.o-p-i.fr\/7alire\/wp-json\/wp\/v2\/pages"}],"about":[{"href":"https:\/\/www.o-p-i.fr\/7alire\/wp-json\/wp\/v2\/types\/page"}],"author":[{"embeddable":true,"href":"https:\/\/www.o-p-i.fr\/7alire\/wp-json\/wp\/v2\/users\/1"}],"replies":[{"embeddable":true,"href":"https:\/\/www.o-p-i.fr\/7alire\/wp-json\/wp\/v2\/comments?post=1513"}],"version-history":[{"count":15,"href":"https:\/\/www.o-p-i.fr\/7alire\/wp-json\/wp\/v2\/pages\/1513\/revisions"}],"predecessor-version":[{"id":2706,"href":"https:\/\/www.o-p-i.fr\/7alire\/wp-json\/wp\/v2\/pages\/1513\/revisions\/2706"}],"wp:attachment":[{"href":"https:\/\/www.o-p-i.fr\/7alire\/wp-json\/wp\/v2\/media?parent=1513"}],"wp:term":[{"taxonomy":"author","embeddable":true,"href":"https:\/\/www.o-p-i.fr\/7alire\/wp-json\/wp\/v2\/coauthors?post=1513"}],"curies":[{"name":"wp","href":"https:\/\/api.w.org\/{rel}","templated":true}]}}