{"id":5,"date":"2009-04-03T12:29:21","date_gmt":"2009-04-03T10:29:21","guid":{"rendered":"http:\/\/localhost\/cestalire\/?page_id=5"},"modified":"2021-06-09T20:11:34","modified_gmt":"2021-06-09T18:11:34","slug":"auteurs-contemporains","status":"publish","type":"page","link":"https:\/\/www.o-p-i.fr\/7alire\/auteurs-contemporains\/","title":{"rendered":"Qui sommes nous ?"},"content":{"rendered":"<p><strong>Autriche et Pays d&rsquo;Oc<\/strong>, association loi 1901, se propose de favoriser les \u00e9changes culturels, touristiques et \u00e9conomiques entre l\u2019Autriche et la R\u00e9gion Midi Pyr\u00e9n\u00e9es. Ce site est le moyen de diffuser le plus largement possible les informations sur ses actions.<\/p>\n<ul>\n<li><span style=\"color: #993300;\"><strong>\u00c9changes Internationaux <\/strong><\/span><\/li>\n<\/ul>\n<p style=\"text-align: justify;\">Depuis sa cr\u00e9ation en 1994, l\u2019association Autriche et Pays d\u2019Oc a permis \u00e0 des \u00e9tudiantes de l\u2019Universit\u00e9 de Langues Romanes de Vienne de\u00a0 s\u00e9journer dans des familles b\u00e9n\u00e9voles durant 2 \u00e0 4 semaines, en f\u00e9vrier, juillet, ao\u00fbt ou septembre.<\/p>\n<p style=\"text-align: justify;\">Pour vous remercier de les accueillir, les \u00e9tudiantes sauront aider vos enfants pour l\u2019apprentissage de l\u2019allemand, de l\u2019anglais ou bien vous seconder dans leur encadrement.<br \/>\n<em><br \/>\n<span style=\"color: #ff6600;\">Si vous pensez pouvoir accueillir une \u00e9tudiante, <a href=\"https:\/\/www.o-p-i.fr\/7alire\/activites-occitanes\/\" target=\"_self\" rel=\"noopener noreferrer\">contactez <\/a>d\u00e8s \u00e0 pr\u00e9sent les responsables de l&rsquo;association Autriche et Pays d\u2019Oc qui \u0153uvrent en relation avec Peter Cichon professeur de fran\u00e7ais et d\u2019occitan \u00e0 Vienne.<\/span><\/em><\/p>\n<ul>\n<li><span style=\"color: #993300;\"><strong>Actualit\u00e9s Litt\u00e9raires : AUTEURS<\/strong><\/span><\/li>\n<\/ul>\n<p>Tout auteur \u00e0 jour de la cotisation \u00e0 l\u2019association peut \u00eatre pr\u00e9sent\u00e9 sur ce site.<\/p>\n<p>Chaque auteur peut avoir :<\/p>\n<p>&#8211; sa pr\u00e9sentation avec photo et coordonn\u00e9es.<\/p>\n<p>&#8211; la pr\u00e9sentation de chaque ouvrage avec photo et texte d\u2019accompagnement.<\/p>\n<p>Une mise \u00e0 jour r\u00e9guli\u00e8re sera effectu\u00e9e.<\/p>\n<p><span style=\"color: #000000;\">Chaque auteur est invit\u00e9 \u00e0 faire conna\u00eetre ce site, notamment en le mentionnant dans ses nouveaux ouvrages.<\/span><\/p>\n<p><span style=\"color: #ff6600;\"><em>Pour cela, envoyez vos informations \u00e0 : <a href=\"mailto:gestion-7alire@orange.fr\" target=\"_blank\" rel=\"noopener noreferrer\">gestion-7alire@orange.fr<\/a><\/em><\/span><span style=\"color: #ff6600;\"><em><br \/>\n(20\u20ac pour 12 mois, ch\u00e8que \u00e0 l\u2019ordre de \u00ab Autriche et Pays d\u2019Oc \u00bb \u00e0 adresser \u00e0 Robert Linas 1595 Route de Bellegarde 82230 L\u00e9ojac)<\/em><\/span><br \/>\n<strong><br \/>\n<\/strong><\/p>\n<ul>\n<li><strong><span style=\"color: #993300;\">Le Journal des Passionn\u00e9es : BOURSES &amp; SALONS<\/span><\/strong><\/li>\n<\/ul>\n<p>&nbsp;<\/p>\n<p>Organisateurs, nous annon\u00e7ons <strong>vos salons du livre,\u00a0 bourses et salons de collectionneurs<\/strong> gratuitement.<br \/>\n<span style=\"color: #ff6600;\"><em>Informations \u00e0 communiquer \u00e0\u00a0 <strong><a href=\"mailto:gestion-7alire@orange.fr\" target=\"_blank\" rel=\"noopener noreferrer\">gestion-7alire@orange.fr<\/a><\/strong><br \/>\nNous vous proposons \u00e9galement une aide promotionnelle en Tarn et Garonne.<\/em><\/span><\/p>\n<p>&nbsp;<\/p>\n<ul>\n<li><span style=\"color: #993300;\"><strong>Activit\u00e9s Occitanes <\/strong><\/span><\/li>\n<\/ul>\n<p><a href=\"https:\/\/www.o-p-i.fr\/7alire\/occitanie\/autriche_pays_oc\/statuts\/\">Voir les STATUTS de l&rsquo;ASSOCIATION<\/a><\/p>\n","protected":false},"excerpt":{"rendered":"<div class=\"mh-excerpt\">Autriche et Pays d&rsquo;Oc, association loi 1901, se propose de favoriser les \u00e9changes culturels, touristiques et \u00e9conomiques entre l\u2019Autriche et la R\u00e9gion Midi Pyr\u00e9n\u00e9es. Ce site est le moyen de diffuser le plus largement possible <a class=\"mh-excerpt-more\" href=\"https:\/\/www.o-p-i.fr\/7alire\/auteurs-contemporains\/\" title=\"Qui sommes nous ?\">[&#8230;]<\/a><\/div>\n","protected":false},"author":1,"featured_media":0,"parent":0,"menu_order":0,"comment_status":"closed","ping_status":"closed","template":"","meta":{"footnotes":"","_links_to":"","_links_to_target":""},"coauthors":[],"class_list":["post-5","page","type-page","status-publish"],"jetpack_sharing_enabled":true,"_links":{"self":[{"href":"https:\/\/www.o-p-i.fr\/7alire\/wp-json\/wp\/v2\/pages\/5","targetHints":{"allow":["GET"]}}],"collection":[{"href":"https:\/\/www.o-p-i.fr\/7alire\/wp-json\/wp\/v2\/pages"}],"about":[{"href":"https:\/\/www.o-p-i.fr\/7alire\/wp-json\/wp\/v2\/types\/page"}],"author":[{"embeddable":true,"href":"https:\/\/www.o-p-i.fr\/7alire\/wp-json\/wp\/v2\/users\/1"}],"replies":[{"embeddable":true,"href":"https:\/\/www.o-p-i.fr\/7alire\/wp-json\/wp\/v2\/comments?post=5"}],"version-history":[{"count":13,"href":"https:\/\/www.o-p-i.fr\/7alire\/wp-json\/wp\/v2\/pages\/5\/revisions"}],"predecessor-version":[{"id":22039,"href":"https:\/\/www.o-p-i.fr\/7alire\/wp-json\/wp\/v2\/pages\/5\/revisions\/22039"}],"wp:attachment":[{"href":"https:\/\/www.o-p-i.fr\/7alire\/wp-json\/wp\/v2\/media?parent=5"}],"wp:term":[{"taxonomy":"author","embeddable":true,"href":"https:\/\/www.o-p-i.fr\/7alire\/wp-json\/wp\/v2\/coauthors?post=5"}],"curies":[{"name":"wp","href":"https:\/\/api.w.org\/{rel}","templated":true}]}}