{"id":17104,"date":"2021-05-26T19:05:38","date_gmt":"2021-05-26T18:05:38","guid":{"rendered":"https:\/\/www.o-p-i.fr\/aupays\/?page_id=17104"},"modified":"2025-02-10T12:38:39","modified_gmt":"2025-02-10T11:38:39","slug":"referencez-votre-activite","status":"publish","type":"page","link":"https:\/\/www.o-p-i.fr\/aupays\/referencez-votre-activite\/","title":{"rendered":"R\u00e9f\u00e9rencez votre activit\u00e9 !"},"content":{"rendered":"<div id=\"pl-17104\"  class=\"panel-layout\" ><div id=\"pg-17104-0\"  class=\"panel-grid panel-no-style\" ><div id=\"pgc-17104-0-0\"  class=\"panel-grid-cell\" ><div id=\"panel-17104-0-0-0\" class=\"widget_text so-panel widget_custom_html panel-first-child panel-last-child widgetopts-SO\" data-index=\"0\" ><div class=\"textwidget custom-html-widget\"><style>\n\t\n\t.button:hover {\n\t\tbox-shadow: none;\n\t\tmargin-top:5px;\n    margin-bottom:0px;\n\t}\n\t\n\t.button {\n\t\tpadding:0;\n\t\twidth:250px;\n\t\theight:100px;\n\t\tmargin-bottom:5px;\n\t\tbox-shadow: 0 5px tomato;\n\t}\n\t\n\t.button img {\n\t\twidth:250px;\n\t\theight:100px;\n\t\tborder: 1px solid Tomato;\n\t\tborder-radius:5px;\n\t}\n\t\n\t#ref{\n\t\tdisplay:flex;\n\t\talign-items:center;\n\t\tjustify-content:space-around;\n\t}\n\t\n\t#ref div{\n\t\tmargin-bottom:10px;\n\t}\n\t\n\t@media screen and (max-width: 1199px){\n\t\t#ref{\n\t\t\tdisplay:flex;\n\t\t\tflex-direction:column;\n\t\t}\n\t}\n\t\n\t@media screen and (max-width: 990px){\n\t\t#ref{\n\t\t\tdisplay:flex;\n\t\t\tflex-direction:row;\n\t\t}\n\t}\n\t\n\t@media screen and (max-width: 767px){\n\t\t#ref{\n\t\t\tdisplay:flex;\n\t\t\tflex-direction:column;\n\t\t}\n\t}\n\t\n<\/style>\n\n<div id=\"ref\">\n\n\t<div>\n\t\t<form action=\"https:\/\/www.o-p-i.fr\/aupays\/referencez-vous-association\/\" >\n\t\t\t<button type=\"submit\" class=\"button\">\n\t\t\t<img decoding=\"async\" class=\"alignnone size-full wp-image-6568\" title=\"Cliquez ici pour acc\u00e9der au formulaire\" src=\"https:\/\/www.o-p-i.fr\/aupays\/wp-content\/uploads\/bouton_asso_fiche_sansBordure-e1622052960607.jpg\" \t\t\t\talt=\"Cliquez ici pour acc\u00e9der au formulaire\" \/>\n\t\t<\/button> \n\t\t<\/form>\n\t<\/div>\n\t\n\t\n\t<div>\n\t\t<form action=\"https:\/\/www.o-p-i.fr\/aupays\/referencez-vous-entreprise-artisans-commercants\/\" >\n\t\t\t<button type=\"submit\" class=\"button\" >\n\t\t\t<img decoding=\"async\" title=\"Cliquez ici pour acc\u00e9der au formulaire\" src=\"https:\/\/www.o-p-i.fr\/aupays\/wp-content\/uploads\/bouton_pro_fiche_sansBordure-e1622052947562.jpg\" alt=\"bouton_pro_fiche\" \/>\n\t\t<\/button>\n\t\t<\/form>\n\t<\/div>\n<\/div>\n\n<h3 style=\"text-align: center;\"><strong>D<\/strong>\u00e9couvrez les offres d'adh\u00e9sions' !<\/h3>\n\t<p>\n\t\tEn adh\u00e9rant \u00e0 l'association OPI des Tescou's, non seulement vous devenez membre de l'association, mais aussi vous avez acc\u00e8s \u00e0 diff\u00e9rents services sur le magazine Au Pays des Tescou's. Consultez les niveaux d'adh\u00e9sions et les services associ\u00e9s sur la page <a href=\"https:\/\/www.o-p-i.fr\/aupays\/plans-adhesions\/\">Plans d'adh\u00e9sions<\/a>.\n\t<\/p>\n\t<p>\n\t\tVous pouvez adh\u00e9rer en tant que simple particulier, association, service public ou professionnel.\n<a href=\"https:\/\/www.o-p-i.fr\/aupays\/opi\/adherez-a-opi\/\">En savoir + sur l'adh\u00e9sion.<\/a><\/p>\n\t<span style=\"border-radius: 2px; text-indent: 20px; width: auto; padding: 0px 4px 0px 0px; text-align: center; font: bold 11px\/20px 'Helvetica Neue',Helvetica,sans-serif; color: #ffffff; background: #bd081c no-repeat scroll 3px 50% \/ 14px 14px; position: absolute; opacity: 1; z-index: 8675309; display: none; cursor: pointer; top: 36px; left: 260px;\">Enregistrer<\/span><\/div><\/div><\/div><\/div><\/div>","protected":false},"excerpt":{"rendered":"<div class=\"mh-excerpt\">D\u00e9couvrez les offres d&rsquo;adh\u00e9sions&rsquo; ! En adh\u00e9rant \u00e0 l&rsquo;association OPI des Tescou&rsquo;s, non seulement vous devenez membre de l&rsquo;association, mais aussi vous avez acc\u00e8s \u00e0 diff\u00e9rents services sur le magazine Au Pays des Tescou&rsquo;s. Consultez <a class=\"mh-excerpt-more\" href=\"https:\/\/www.o-p-i.fr\/aupays\/referencez-votre-activite\/\" title=\"R\u00e9f\u00e9rencez votre activit\u00e9 !\">[&#8230;]<\/a><\/div>\n","protected":false},"author":11,"featured_media":0,"parent":0,"menu_order":0,"comment_status":"closed","ping_status":"closed","template":"","meta":{"footnotes":"","_links_to":"","_links_to_target":""},"coauthors":[1224],"class_list":["post-17104","page","type-page","status-publish"],"yoast_head":"<!-- This site is optimized with the Yoast SEO plugin v27.1.1 - https:\/\/yoast.com\/product\/yoast-seo-wordpress\/ -->\n<title>R\u00e9f\u00e9rencez votre activit\u00e9 ! - O.P.I. des Tescous<\/title>\n<meta name=\"robots\" content=\"index, follow, max-snippet:-1, max-image-preview:large, max-video-preview:-1\" \/>\n<link rel=\"canonical\" href=\"https:\/\/www.o-p-i.fr\/aupays\/referencez-votre-activite\/\" \/>\n<meta property=\"og:locale\" content=\"fr_FR\" \/>\n<meta property=\"og:type\" content=\"article\" \/>\n<meta property=\"og:title\" content=\"R\u00e9f\u00e9rencez votre activit\u00e9 ! - O.P.I. des Tescous\" \/>\n<meta property=\"og:description\" content=\"D\u00e9couvrez les offres d&#039;adh\u00e9sions&#039; ! En adh\u00e9rant \u00e0 l&#039;association OPI des Tescou&#039;s, non seulement vous devenez membre de l&#039;association, mais aussi vous avez acc\u00e8s \u00e0 diff\u00e9rents services sur le magazine Au Pays des Tescou&#039;s. Consultez [...]\" \/>\n<meta property=\"og:url\" content=\"https:\/\/www.o-p-i.fr\/aupays\/referencez-votre-activite\/\" \/>\n<meta property=\"og:site_name\" content=\"O.P.I. des Tescous\" \/>\n<meta property=\"article:modified_time\" content=\"2025-02-10T11:38:39+00:00\" \/>\n<meta name=\"twitter:card\" content=\"summary_large_image\" \/>\n<meta name=\"twitter:label1\" content=\"Dur\u00e9e de lecture estim\u00e9e\" \/>\n\t<meta name=\"twitter:data1\" content=\"1 minute\" \/>\n\t<meta name=\"twitter:label2\" content=\"Written by\" \/>\n\t<meta name=\"twitter:data2\" content=\"Guillaume VIADER\" \/>\n<script type=\"application\/ld+json\" class=\"yoast-schema-graph\">{\"@context\":\"https:\/\/schema.org\",\"@graph\":[{\"@type\":\"WebPage\",\"@id\":\"https:\/\/www.o-p-i.fr\/aupays\/referencez-votre-activite\/\",\"url\":\"https:\/\/www.o-p-i.fr\/aupays\/referencez-votre-activite\/\",\"name\":\"R\u00e9f\u00e9rencez votre activit\u00e9 ! - O.P.I. des Tescous\",\"isPartOf\":{\"@id\":\"https:\/\/www.o-p-i.fr\/aupays\/#website\"},\"datePublished\":\"2021-05-26T18:05:38+00:00\",\"dateModified\":\"2025-02-10T11:38:39+00:00\",\"breadcrumb\":{\"@id\":\"https:\/\/www.o-p-i.fr\/aupays\/referencez-votre-activite\/#breadcrumb\"},\"inLanguage\":\"fr-FR\",\"potentialAction\":[{\"@type\":\"ReadAction\",\"target\":[\"https:\/\/www.o-p-i.fr\/aupays\/referencez-votre-activite\/\"]}]},{\"@type\":\"BreadcrumbList\",\"@id\":\"https:\/\/www.o-p-i.fr\/aupays\/referencez-votre-activite\/#breadcrumb\",\"itemListElement\":[{\"@type\":\"ListItem\",\"position\":1,\"name\":\"Accueil\",\"item\":\"https:\/\/www.o-p-i.fr\/aupays\/\"},{\"@type\":\"ListItem\",\"position\":2,\"name\":\"R\u00e9f\u00e9rencez votre activit\u00e9 !\"}]},{\"@type\":\"WebSite\",\"@id\":\"https:\/\/www.o-p-i.fr\/aupays\/#website\",\"url\":\"https:\/\/www.o-p-i.fr\/aupays\/\",\"name\":\"O.P.I. des Tescou's\",\"description\":\"Le Magazine du Pays des Tescou&#039;s\",\"publisher\":{\"@id\":\"https:\/\/www.o-p-i.fr\/aupays\/#organization\"},\"potentialAction\":[{\"@type\":\"SearchAction\",\"target\":{\"@type\":\"EntryPoint\",\"urlTemplate\":\"https:\/\/www.o-p-i.fr\/aupays\/?s={search_term_string}\"},\"query-input\":{\"@type\":\"PropertyValueSpecification\",\"valueRequired\":true,\"valueName\":\"search_term_string\"}}],\"inLanguage\":\"fr-FR\"},{\"@type\":\"Organization\",\"@id\":\"https:\/\/www.o-p-i.fr\/aupays\/#organization\",\"name\":\"O.P.I. des Tescou's\",\"url\":\"https:\/\/www.o-p-i.fr\/aupays\/\",\"logo\":{\"@type\":\"ImageObject\",\"inLanguage\":\"fr-FR\",\"@id\":\"https:\/\/www.o-p-i.fr\/aupays\/#\/schema\/logo\/image\/\",\"url\":\"https:\/\/www.o-p-i.fr\/aupays\/wp-content\/uploads\/bebe.png\",\"contentUrl\":\"https:\/\/www.o-p-i.fr\/aupays\/wp-content\/uploads\/bebe.png\",\"width\":630,\"height\":250,\"caption\":\"O.P.I. des Tescou's\"},\"image\":{\"@id\":\"https:\/\/www.o-p-i.fr\/aupays\/#\/schema\/logo\/image\/\"}}]}<\/script>\n<!-- \/ Yoast SEO plugin. -->","yoast_head_json":{"title":"R\u00e9f\u00e9rencez votre activit\u00e9 ! - O.P.I. des Tescous","robots":{"index":"index","follow":"follow","max-snippet":"max-snippet:-1","max-image-preview":"max-image-preview:large","max-video-preview":"max-video-preview:-1"},"canonical":"https:\/\/www.o-p-i.fr\/aupays\/referencez-votre-activite\/","og_locale":"fr_FR","og_type":"article","og_title":"R\u00e9f\u00e9rencez votre activit\u00e9 ! - O.P.I. des Tescous","og_description":"D\u00e9couvrez les offres d'adh\u00e9sions' ! En adh\u00e9rant \u00e0 l'association OPI des Tescou's, non seulement vous devenez membre de l'association, mais aussi vous avez acc\u00e8s \u00e0 diff\u00e9rents services sur le magazine Au Pays des Tescou's. Consultez [...]","og_url":"https:\/\/www.o-p-i.fr\/aupays\/referencez-votre-activite\/","og_site_name":"O.P.I. des Tescous","article_modified_time":"2025-02-10T11:38:39+00:00","twitter_card":"summary_large_image","twitter_misc":{"Dur\u00e9e de lecture estim\u00e9e":"1 minute","Written by":"Guillaume VIADER"},"schema":{"@context":"https:\/\/schema.org","@graph":[{"@type":"WebPage","@id":"https:\/\/www.o-p-i.fr\/aupays\/referencez-votre-activite\/","url":"https:\/\/www.o-p-i.fr\/aupays\/referencez-votre-activite\/","name":"R\u00e9f\u00e9rencez votre activit\u00e9 ! - O.P.I. des Tescous","isPartOf":{"@id":"https:\/\/www.o-p-i.fr\/aupays\/#website"},"datePublished":"2021-05-26T18:05:38+00:00","dateModified":"2025-02-10T11:38:39+00:00","breadcrumb":{"@id":"https:\/\/www.o-p-i.fr\/aupays\/referencez-votre-activite\/#breadcrumb"},"inLanguage":"fr-FR","potentialAction":[{"@type":"ReadAction","target":["https:\/\/www.o-p-i.fr\/aupays\/referencez-votre-activite\/"]}]},{"@type":"BreadcrumbList","@id":"https:\/\/www.o-p-i.fr\/aupays\/referencez-votre-activite\/#breadcrumb","itemListElement":[{"@type":"ListItem","position":1,"name":"Accueil","item":"https:\/\/www.o-p-i.fr\/aupays\/"},{"@type":"ListItem","position":2,"name":"R\u00e9f\u00e9rencez votre activit\u00e9 !"}]},{"@type":"WebSite","@id":"https:\/\/www.o-p-i.fr\/aupays\/#website","url":"https:\/\/www.o-p-i.fr\/aupays\/","name":"O.P.I. des Tescou's","description":"Le Magazine du Pays des Tescou&#039;s","publisher":{"@id":"https:\/\/www.o-p-i.fr\/aupays\/#organization"},"potentialAction":[{"@type":"SearchAction","target":{"@type":"EntryPoint","urlTemplate":"https:\/\/www.o-p-i.fr\/aupays\/?s={search_term_string}"},"query-input":{"@type":"PropertyValueSpecification","valueRequired":true,"valueName":"search_term_string"}}],"inLanguage":"fr-FR"},{"@type":"Organization","@id":"https:\/\/www.o-p-i.fr\/aupays\/#organization","name":"O.P.I. des Tescou's","url":"https:\/\/www.o-p-i.fr\/aupays\/","logo":{"@type":"ImageObject","inLanguage":"fr-FR","@id":"https:\/\/www.o-p-i.fr\/aupays\/#\/schema\/logo\/image\/","url":"https:\/\/www.o-p-i.fr\/aupays\/wp-content\/uploads\/bebe.png","contentUrl":"https:\/\/www.o-p-i.fr\/aupays\/wp-content\/uploads\/bebe.png","width":630,"height":250,"caption":"O.P.I. des Tescou's"},"image":{"@id":"https:\/\/www.o-p-i.fr\/aupays\/#\/schema\/logo\/image\/"}}]}},"jetpack_sharing_enabled":true,"jetpack-related-posts":[],"jetpack_shortlink":"https:\/\/wp.me\/Pfni7X-4rS","_links":{"self":[{"href":"https:\/\/www.o-p-i.fr\/aupays\/wp-json\/wp\/v2\/pages\/17104","targetHints":{"allow":["GET"]}}],"collection":[{"href":"https:\/\/www.o-p-i.fr\/aupays\/wp-json\/wp\/v2\/pages"}],"about":[{"href":"https:\/\/www.o-p-i.fr\/aupays\/wp-json\/wp\/v2\/types\/page"}],"author":[{"embeddable":true,"href":"https:\/\/www.o-p-i.fr\/aupays\/wp-json\/wp\/v2\/users\/11"}],"replies":[{"embeddable":true,"href":"https:\/\/www.o-p-i.fr\/aupays\/wp-json\/wp\/v2\/comments?post=17104"}],"version-history":[{"count":192,"href":"https:\/\/www.o-p-i.fr\/aupays\/wp-json\/wp\/v2\/pages\/17104\/revisions"}],"predecessor-version":[{"id":32226,"href":"https:\/\/www.o-p-i.fr\/aupays\/wp-json\/wp\/v2\/pages\/17104\/revisions\/32226"}],"wp:attachment":[{"href":"https:\/\/www.o-p-i.fr\/aupays\/wp-json\/wp\/v2\/media?parent=17104"}],"wp:term":[{"taxonomy":"author","embeddable":true,"href":"https:\/\/www.o-p-i.fr\/aupays\/wp-json\/wp\/v2\/coauthors?post=17104"}],"curies":[{"name":"wp","href":"https:\/\/api.w.org\/{rel}","templated":true}]}}