{"id":17584,"date":"2021-05-27T15:28:53","date_gmt":"2021-05-27T14:28:53","guid":{"rendered":"https:\/\/www.o-p-i.fr\/aupays\/?page_id=17584"},"modified":"2024-10-07T23:06:24","modified_gmt":"2024-10-07T21:06:24","slug":"faites-le-savoir","status":"publish","type":"page","link":"https:\/\/www.o-p-i.fr\/aupays\/faites-le-savoir\/","title":{"rendered":"Faites le savoir !"},"content":{"rendered":"<div id=\"pl-17584\"  class=\"panel-layout\" ><div id=\"pg-17584-0\"  class=\"panel-grid panel-no-style\" ><div id=\"pgc-17584-0-0\"  class=\"panel-grid-cell\" ><div id=\"panel-17584-0-0-0\" class=\"widget_text so-panel widget_custom_html panel-first-child panel-last-child widgetopts-SO\" data-index=\"0\" ><div class=\"textwidget custom-html-widget\"><style>\n\t#primary form button {\n\t\tpadding:0;\n\t\twidth:277px;\n\t\theight:58px;\n\t}\n\t\n\t#primary form img {\n\t\twidth:277px;\n\t\theight:58px;\n\t\tborder: 1px solid Tomato;\n\t\tborder-radius:5px;\n\t}\n<\/style>\n\n<h3><span style=\"color: #ff6600;\"><strong>Vous organisez une manifestation ...<\/strong><\/span><\/h3>\n<p style=\"text-align: justify;\">L'insertion dans l'<a href=\"https:\/\/www.o-p-i.fr\/aupays\/au-pays\/agenda\/\">agenda<\/a> et la r\u00e9daction d'un article dans <a title=\"Ouvre Parlons En\" href=\"https:\/\/www.o-p-i.fr\/parlonsen\/\">Parlons En<\/a> vous offrent une <strong>communication simple, efficace, gratuite et \u00e9cologique <\/strong>(z\u00e9ro papier !) de vos \u00e9v\u00e8nements \u00e0 plus de <strong>3500 destinataires <\/strong>de sa <a href=\"https:\/\/www.o-p-i.fr\/aupays\/sabonner-aux-lettres-dinformations\/\" target=\"_blank\">lettre d'information<\/a> hebdomadaire.<\/p>\n<br\/>\n<form action=\" https:\/\/www.o-p-i.fr\/aupays\/annoncer-un-evenement\/\" class=\"center\">\n\t\t\t<button type=\"submit\">\n\t\t\tAnnoncer un Evenement !\n\t\t<\/button> \n\t<\/form>\n<br\/>\n<p>\nVous pouvez aussi envoyer votre communiqu\u00e9 de presse<a title=\"Voir la d\u00e9finition sur Wikip\u00e9dia\" href=\"http:\/\/fr.wikipedia.org\/wiki\/Communiqu%C3%A9_de_presse\">*<\/a> \u00e0 <a href=\"mailto:https:\/\/www.o-p-i.fr\/aupays\/opi\/annoncer-un-evenement-dans-parlons-en\/\">parlonsen@o-p-i.fr<\/a> avec votre visuel (logo, fly, affiche, photo).Une fois valid\u00e9, votre \u00e9v\u00e9nement appara\u00eetra dans l\u2019agenda et un article sera publi\u00e9 dans Parlons En. Si vous vous y prenez suffisamment \u00e0 l\u2019avance (1 mois), il figurera dans la lettre d\u2019information envoy\u00e9e chaque mercredi aux 3500 abonn\u00e9s du Pays des Tescou\u2019s.\n<\/p>\n<hr>\n\n<h3><span style=\"color: #ff6600;\">Cr\u00e9ez votre formulaire de r\u00e9servation en ligne.<\/span><\/h3>\n<br\/>\n<form action=\"https:\/\/www.o-p-i.fr\/aupays\/je-soutiens-o-p-i-des-tescous\/\" class=\"center\">\n\t\t\t<button type=\"submit\">\n\t\t\t<img decoding=\"async\" class=\"alignnone size-full wp-image-6568\" title=\"Cliquez ici pour acc\u00e9der au formulaire\" src=\"https:\/\/www.o-p-i.fr\/aupays\/wp-content\/uploads\/res_adh.jpg\"\t\t\talt=\"Cliquez ici pour acc\u00e9der au formulaire\" \/>\n\t\t<\/button> \n\t\t<\/form>\n<br\/>\n\t\t<div>\n\t\t\tVous organisez un repas, un vide grenier, un stage ...\u00a0 L'\u00e9quipe d'OPI cr\u00e9\u00e9 <span style=\"color: #ff6600;\"><strong>votre formulaire sur mesure<\/strong><\/span>. Vous recevrez les inscriptions directement dans votre boite \u00e9lectronique. Envoyez vos infos \u00e0 <a href=\"mailto:contact@o-p-i.fr\">contact@o-p-i.fr<\/a> et nous nous occupons du reste !\n\t\t<\/div>\n\t\n\n<h3><span style=\"color: #ff6600;\"><strong>Ouverture ou fermeture exceptionnelle, journ\u00e9e portes ouvertes,\u00a0 promotions, changement de coordonn\u00e9es ... <\/strong><\/span><\/h3>\n<p style=\"text-align: justify;\">Vous \u00eates pr\u00e9sent dans l'<a href=\"https:\/\/www.o-p-i.fr\/aupays\/au-pays\/annuaire\/\">annuaire d'OPI<\/a> et souhaitez faire passer vos informations sur le site.<\/p>\n\n<ul>\n \t<li>Passez par le <a href=\"https:\/\/www.o-p-i.fr\/aupays\/contact\/\">formulaire de contact<\/a> et votre fiche sera mise \u00e0 jour dans les plus brefs d\u00e9lais !<\/li>\n<\/ul>\n<p style=\"text-align: justify;\">Pour r\u00e9f\u00e9rencer votre activit\u00e9 dans l'annuaire, <a href=\"https:\/\/www.o-p-i.fr\/aupays\/referencez-votre-activite\/\">cliquez ici !<\/a><\/p><\/div><\/div><\/div><\/div><\/div>","protected":false},"excerpt":{"rendered":"<div class=\"mh-excerpt\">Vous organisez une manifestation &#8230; L&rsquo;insertion dans l&rsquo;agenda et la r\u00e9daction d&rsquo;un article dans Parlons En vous offrent une communication simple, efficace, gratuite et \u00e9cologique (z\u00e9ro papier !) de vos \u00e9v\u00e8nements \u00e0 plus de 3500 <a class=\"mh-excerpt-more\" href=\"https:\/\/www.o-p-i.fr\/aupays\/faites-le-savoir\/\" title=\"Faites le savoir !\">[&#8230;]<\/a><\/div>\n","protected":false},"author":11,"featured_media":0,"parent":0,"menu_order":0,"comment_status":"closed","ping_status":"closed","template":"","meta":{"footnotes":"","_links_to":"","_links_to_target":""},"coauthors":[],"class_list":["post-17584","page","type-page","status-publish"],"yoast_head":"<!-- This site is optimized with the Yoast SEO plugin v27.1.1 - https:\/\/yoast.com\/product\/yoast-seo-wordpress\/ -->\n<title>Faites le savoir ! - O.P.I. des Tescous<\/title>\n<meta name=\"robots\" content=\"index, follow, max-snippet:-1, max-image-preview:large, max-video-preview:-1\" \/>\n<link rel=\"canonical\" href=\"https:\/\/www.o-p-i.fr\/aupays\/faites-le-savoir\/\" \/>\n<meta property=\"og:locale\" content=\"fr_FR\" \/>\n<meta property=\"og:type\" content=\"article\" \/>\n<meta property=\"og:title\" content=\"Faites le savoir ! - O.P.I. des Tescous\" \/>\n<meta property=\"og:description\" content=\"Vous organisez une manifestation ... L&#039;insertion dans l&#039;agenda et la r\u00e9daction d&#039;un article dans Parlons En vous offrent une communication simple, efficace, gratuite et \u00e9cologique (z\u00e9ro papier !) de vos \u00e9v\u00e8nements \u00e0 plus de 3500 [...]\" \/>\n<meta property=\"og:url\" content=\"https:\/\/www.o-p-i.fr\/aupays\/faites-le-savoir\/\" \/>\n<meta property=\"og:site_name\" content=\"O.P.I. des Tescous\" \/>\n<meta property=\"article:modified_time\" content=\"2024-10-07T21:06:24+00:00\" \/>\n<meta name=\"twitter:card\" content=\"summary_large_image\" \/>\n<meta name=\"twitter:label1\" content=\"Dur\u00e9e de lecture estim\u00e9e\" \/>\n\t<meta name=\"twitter:data1\" content=\"2 minutes\" \/>\n\t<meta name=\"twitter:label2\" content=\"Written by\" \/>\n\t<meta name=\"twitter:data2\" content=\"Guillaume VIADER\" \/>\n<script type=\"application\/ld+json\" class=\"yoast-schema-graph\">{\"@context\":\"https:\/\/schema.org\",\"@graph\":[{\"@type\":\"WebPage\",\"@id\":\"https:\/\/www.o-p-i.fr\/aupays\/faites-le-savoir\/\",\"url\":\"https:\/\/www.o-p-i.fr\/aupays\/faites-le-savoir\/\",\"name\":\"Faites le savoir ! - O.P.I. des Tescous\",\"isPartOf\":{\"@id\":\"https:\/\/www.o-p-i.fr\/aupays\/#website\"},\"datePublished\":\"2021-05-27T14:28:53+00:00\",\"dateModified\":\"2024-10-07T21:06:24+00:00\",\"breadcrumb\":{\"@id\":\"https:\/\/www.o-p-i.fr\/aupays\/faites-le-savoir\/#breadcrumb\"},\"inLanguage\":\"fr-FR\",\"potentialAction\":[{\"@type\":\"ReadAction\",\"target\":[\"https:\/\/www.o-p-i.fr\/aupays\/faites-le-savoir\/\"]}]},{\"@type\":\"BreadcrumbList\",\"@id\":\"https:\/\/www.o-p-i.fr\/aupays\/faites-le-savoir\/#breadcrumb\",\"itemListElement\":[{\"@type\":\"ListItem\",\"position\":1,\"name\":\"Accueil\",\"item\":\"https:\/\/www.o-p-i.fr\/aupays\/\"},{\"@type\":\"ListItem\",\"position\":2,\"name\":\"Faites le savoir !\"}]},{\"@type\":\"WebSite\",\"@id\":\"https:\/\/www.o-p-i.fr\/aupays\/#website\",\"url\":\"https:\/\/www.o-p-i.fr\/aupays\/\",\"name\":\"O.P.I. des Tescou's\",\"description\":\"Le Magazine du Pays des Tescou&#039;s\",\"publisher\":{\"@id\":\"https:\/\/www.o-p-i.fr\/aupays\/#organization\"},\"potentialAction\":[{\"@type\":\"SearchAction\",\"target\":{\"@type\":\"EntryPoint\",\"urlTemplate\":\"https:\/\/www.o-p-i.fr\/aupays\/?s={search_term_string}\"},\"query-input\":{\"@type\":\"PropertyValueSpecification\",\"valueRequired\":true,\"valueName\":\"search_term_string\"}}],\"inLanguage\":\"fr-FR\"},{\"@type\":\"Organization\",\"@id\":\"https:\/\/www.o-p-i.fr\/aupays\/#organization\",\"name\":\"O.P.I. des Tescou's\",\"url\":\"https:\/\/www.o-p-i.fr\/aupays\/\",\"logo\":{\"@type\":\"ImageObject\",\"inLanguage\":\"fr-FR\",\"@id\":\"https:\/\/www.o-p-i.fr\/aupays\/#\/schema\/logo\/image\/\",\"url\":\"https:\/\/www.o-p-i.fr\/aupays\/wp-content\/uploads\/bebe.png\",\"contentUrl\":\"https:\/\/www.o-p-i.fr\/aupays\/wp-content\/uploads\/bebe.png\",\"width\":630,\"height\":250,\"caption\":\"O.P.I. des Tescou's\"},\"image\":{\"@id\":\"https:\/\/www.o-p-i.fr\/aupays\/#\/schema\/logo\/image\/\"}}]}<\/script>\n<!-- \/ Yoast SEO plugin. -->","yoast_head_json":{"title":"Faites le savoir ! - O.P.I. des Tescous","robots":{"index":"index","follow":"follow","max-snippet":"max-snippet:-1","max-image-preview":"max-image-preview:large","max-video-preview":"max-video-preview:-1"},"canonical":"https:\/\/www.o-p-i.fr\/aupays\/faites-le-savoir\/","og_locale":"fr_FR","og_type":"article","og_title":"Faites le savoir ! - O.P.I. des Tescous","og_description":"Vous organisez une manifestation ... L'insertion dans l'agenda et la r\u00e9daction d'un article dans Parlons En vous offrent une communication simple, efficace, gratuite et \u00e9cologique (z\u00e9ro papier !) de vos \u00e9v\u00e8nements \u00e0 plus de 3500 [...]","og_url":"https:\/\/www.o-p-i.fr\/aupays\/faites-le-savoir\/","og_site_name":"O.P.I. des Tescous","article_modified_time":"2024-10-07T21:06:24+00:00","twitter_card":"summary_large_image","twitter_misc":{"Dur\u00e9e de lecture estim\u00e9e":"2 minutes","Written by":"Guillaume VIADER"},"schema":{"@context":"https:\/\/schema.org","@graph":[{"@type":"WebPage","@id":"https:\/\/www.o-p-i.fr\/aupays\/faites-le-savoir\/","url":"https:\/\/www.o-p-i.fr\/aupays\/faites-le-savoir\/","name":"Faites le savoir ! - O.P.I. des Tescous","isPartOf":{"@id":"https:\/\/www.o-p-i.fr\/aupays\/#website"},"datePublished":"2021-05-27T14:28:53+00:00","dateModified":"2024-10-07T21:06:24+00:00","breadcrumb":{"@id":"https:\/\/www.o-p-i.fr\/aupays\/faites-le-savoir\/#breadcrumb"},"inLanguage":"fr-FR","potentialAction":[{"@type":"ReadAction","target":["https:\/\/www.o-p-i.fr\/aupays\/faites-le-savoir\/"]}]},{"@type":"BreadcrumbList","@id":"https:\/\/www.o-p-i.fr\/aupays\/faites-le-savoir\/#breadcrumb","itemListElement":[{"@type":"ListItem","position":1,"name":"Accueil","item":"https:\/\/www.o-p-i.fr\/aupays\/"},{"@type":"ListItem","position":2,"name":"Faites le savoir !"}]},{"@type":"WebSite","@id":"https:\/\/www.o-p-i.fr\/aupays\/#website","url":"https:\/\/www.o-p-i.fr\/aupays\/","name":"O.P.I. des Tescou's","description":"Le Magazine du Pays des Tescou&#039;s","publisher":{"@id":"https:\/\/www.o-p-i.fr\/aupays\/#organization"},"potentialAction":[{"@type":"SearchAction","target":{"@type":"EntryPoint","urlTemplate":"https:\/\/www.o-p-i.fr\/aupays\/?s={search_term_string}"},"query-input":{"@type":"PropertyValueSpecification","valueRequired":true,"valueName":"search_term_string"}}],"inLanguage":"fr-FR"},{"@type":"Organization","@id":"https:\/\/www.o-p-i.fr\/aupays\/#organization","name":"O.P.I. des Tescou's","url":"https:\/\/www.o-p-i.fr\/aupays\/","logo":{"@type":"ImageObject","inLanguage":"fr-FR","@id":"https:\/\/www.o-p-i.fr\/aupays\/#\/schema\/logo\/image\/","url":"https:\/\/www.o-p-i.fr\/aupays\/wp-content\/uploads\/bebe.png","contentUrl":"https:\/\/www.o-p-i.fr\/aupays\/wp-content\/uploads\/bebe.png","width":630,"height":250,"caption":"O.P.I. des Tescou's"},"image":{"@id":"https:\/\/www.o-p-i.fr\/aupays\/#\/schema\/logo\/image\/"}}]}},"jetpack_sharing_enabled":true,"jetpack-related-posts":[],"jetpack_shortlink":"https:\/\/wp.me\/Pfni7X-4zC","_links":{"self":[{"href":"https:\/\/www.o-p-i.fr\/aupays\/wp-json\/wp\/v2\/pages\/17584","targetHints":{"allow":["GET"]}}],"collection":[{"href":"https:\/\/www.o-p-i.fr\/aupays\/wp-json\/wp\/v2\/pages"}],"about":[{"href":"https:\/\/www.o-p-i.fr\/aupays\/wp-json\/wp\/v2\/types\/page"}],"author":[{"embeddable":true,"href":"https:\/\/www.o-p-i.fr\/aupays\/wp-json\/wp\/v2\/users\/11"}],"replies":[{"embeddable":true,"href":"https:\/\/www.o-p-i.fr\/aupays\/wp-json\/wp\/v2\/comments?post=17584"}],"version-history":[{"count":66,"href":"https:\/\/www.o-p-i.fr\/aupays\/wp-json\/wp\/v2\/pages\/17584\/revisions"}],"predecessor-version":[{"id":30209,"href":"https:\/\/www.o-p-i.fr\/aupays\/wp-json\/wp\/v2\/pages\/17584\/revisions\/30209"}],"wp:attachment":[{"href":"https:\/\/www.o-p-i.fr\/aupays\/wp-json\/wp\/v2\/media?parent=17584"}],"wp:term":[{"taxonomy":"author","embeddable":true,"href":"https:\/\/www.o-p-i.fr\/aupays\/wp-json\/wp\/v2\/coauthors?post=17584"}],"curies":[{"name":"wp","href":"https:\/\/api.w.org\/{rel}","templated":true}]}}