{"id":17972,"date":"2021-06-03T09:56:10","date_gmt":"2021-06-03T08:56:10","guid":{"rendered":"https:\/\/www.o-p-i.fr\/aupays\/?page_id=17972"},"modified":"2026-01-02T12:11:19","modified_gmt":"2026-01-02T11:11:19","slug":"agenda","status":"publish","type":"page","link":"https:\/\/www.o-p-i.fr\/aupays\/au-pays\/agenda\/","title":{"rendered":"Agenda"},"content":{"rendered":"<h3>Les \u00e9v\u00e8nements au Pays des Tescou&rsquo;s<\/h3>\n<p style=\"text-align: center;\"><strong>Cliquez sur un \u00e9v\u00e8nement pour en savoir plus,<br \/>\nlocaliser le lieu de l&rsquo;\u00e9v\u00e8nement sur un plan Google Maps &#8230; <\/strong><\/p>\n<p style=\"text-align: center;\"><iframe loading=\"lazy\" style=\"border-width: 0;\" src=\"https:\/\/www.google.com\/calendar\/embed?showTitle=0&amp;mode=AGENDA&amp;height=900&amp;wkst=2&amp;bgcolor=%23FFFFFF&amp;src=opidestescous%40gmail.com&amp;color=%232952A3&amp;src=f6em6hgiu5berg81jcfufgtoe8%40group.calendar.google.com&amp;color=%230D7813&amp;src=g1tsm6hd3sqk11kladm6crcffs%40group.calendar.google.com&amp;color=%232952A3&amp;src=p739l9qfhstlgkel9ppqc04btk%40group.calendar.google.com&amp;color=%23A32929&amp;src=99u71bir8h7fchvtph01ldvj34%40group.calendar.google.com&amp;color=%23B1440E&amp;src=n0h6va30sdjkuvoet4vbmpc21g%40group.calendar.google.com&amp;color=%235229A3&amp;src=iv9joiol0q9eo3evav23e50b20%40group.calendar.google.com&amp;color=%2329527A&amp;src=5eqc869rqujubj4k80n2st2qm0%40group.calendar.google.com&amp;color=%238D6F47&amp;src=sfdalmav7ilbn1luq2se9ef7e8%40group.calendar.google.com&amp;color=%234A716C&amp;src=sqbf779ep3h1kg26m5oc64ci48%40group.calendar.google.com&amp;color=%237A367A&amp;src=bp9jqk2q61u2spmjo445i2mmvo%40group.calendar.google.com&amp;color=%23528800&amp;src=mkruts50s7babddnrml8cj2f58%40group.calendar.google.com&amp;color=%236E6E41&amp;src=0tu988r87p9np22n2jaeksqbq8%40group.calendar.google.com&amp;color=%234E5D6C&amp;src=j5nljih09o4laett16tvg5cf0g%40group.calendar.google.com&amp;color=%235A6986&amp;src=5gikh8mnku5ugl9u25rlelita8%40group.calendar.google.com&amp;color=%23AB8B00&amp;src=3kusgp15i69duaaqa481qmsa4o%40group.calendar.google.com&amp;color=%23B1365F&amp;src=ags078l4vmrm07jfhbp2uumf0o%40group.calendar.google.com&amp;color=%232952A3&amp;src=1vp8hrmh3i3ordrkvnna0ojkpc%40group.calendar.google.com&amp;color=%23865A5A&amp;src=6sq49vre4hf3l061iokv7tg8n4%40group.calendar.google.com&amp;color=%234A716C&amp;src=uo8mbrm2oibbkb9sb91v21ukq0%40group.calendar.google.com&amp;color=%231B887A&amp;src=cp9fkdu9o6s2spktvr56q4k660%40group.calendar.google.com&amp;color=%2328754E&amp;src=er9raosss8vuf6vn21p2l3p384%40group.calendar.google.com&amp;color=%23705770&amp;src=7hp03cri2em4h457ntm0jd20d0%40group.calendar.google.com&amp;color=%23BE6D00&amp;src=8tf1eojvj0brsg1pqrukc9tfdo%40group.calendar.google.com&amp;color=%2388880E&amp;src=fr.french%23holiday%40group.v.calendar.google.com&amp;color=%23A32929&amp;src=e_2_fr%23weeknum%40group.v.calendar.google.com&amp;color=%23AB8B00&amp;ctz=Europe%2FParis\" width=\"600\" height=\"900\" frameborder=\"0\" scrolling=\"no\"><\/iframe><\/p>\n","protected":false},"excerpt":{"rendered":"<div class=\"mh-excerpt\">Les \u00e9v\u00e8nements au Pays des Tescou&rsquo;s Cliquez sur un \u00e9v\u00e8nement pour en savoir plus, localiser le lieu de l&rsquo;\u00e9v\u00e8nement sur un plan Google Maps &#8230;<\/div>\n","protected":false},"author":11,"featured_media":0,"parent":1470,"menu_order":0,"comment_status":"closed","ping_status":"closed","template":"","meta":{"footnotes":"","_links_to":"","_links_to_target":""},"coauthors":[1224],"class_list":["post-17972","page","type-page","status-publish"],"yoast_head":"<!-- This site is optimized with the Yoast SEO plugin v27.1.1 - https:\/\/yoast.com\/product\/yoast-seo-wordpress\/ -->\n<title>Agenda - O.P.I. des Tescous<\/title>\n<meta name=\"robots\" content=\"index, follow, max-snippet:-1, max-image-preview:large, max-video-preview:-1\" \/>\n<link rel=\"canonical\" href=\"https:\/\/www.o-p-i.fr\/aupays\/au-pays\/agenda\/\" \/>\n<meta property=\"og:locale\" content=\"fr_FR\" \/>\n<meta property=\"og:type\" content=\"article\" \/>\n<meta property=\"og:title\" content=\"Agenda - O.P.I. des Tescous\" \/>\n<meta property=\"og:description\" content=\"Les \u00e9v\u00e8nements au Pays des Tescou&rsquo;s Cliquez sur un \u00e9v\u00e8nement pour en savoir plus, localiser le lieu de l&rsquo;\u00e9v\u00e8nement sur un plan Google Maps &#8230;\" \/>\n<meta property=\"og:url\" content=\"https:\/\/www.o-p-i.fr\/aupays\/au-pays\/agenda\/\" \/>\n<meta property=\"og:site_name\" content=\"O.P.I. des Tescous\" \/>\n<meta property=\"article:modified_time\" content=\"2026-01-02T11:11:19+00:00\" \/>\n<meta name=\"twitter:card\" content=\"summary_large_image\" \/>\n<meta name=\"twitter:label1\" content=\"Dur\u00e9e de lecture estim\u00e9e\" \/>\n\t<meta name=\"twitter:data1\" content=\"1 minute\" \/>\n\t<meta name=\"twitter:label2\" content=\"Written by\" \/>\n\t<meta name=\"twitter:data2\" content=\"Guillaume VIADER\" \/>\n<script type=\"application\/ld+json\" class=\"yoast-schema-graph\">{\"@context\":\"https:\/\/schema.org\",\"@graph\":[{\"@type\":\"WebPage\",\"@id\":\"https:\/\/www.o-p-i.fr\/aupays\/au-pays\/agenda\/\",\"url\":\"https:\/\/www.o-p-i.fr\/aupays\/au-pays\/agenda\/\",\"name\":\"Agenda - O.P.I. des Tescous\",\"isPartOf\":{\"@id\":\"https:\/\/www.o-p-i.fr\/aupays\/#website\"},\"datePublished\":\"2021-06-03T08:56:10+00:00\",\"dateModified\":\"2026-01-02T11:11:19+00:00\",\"breadcrumb\":{\"@id\":\"https:\/\/www.o-p-i.fr\/aupays\/au-pays\/agenda\/#breadcrumb\"},\"inLanguage\":\"fr-FR\",\"potentialAction\":[{\"@type\":\"ReadAction\",\"target\":[\"https:\/\/www.o-p-i.fr\/aupays\/au-pays\/agenda\/\"]}]},{\"@type\":\"BreadcrumbList\",\"@id\":\"https:\/\/www.o-p-i.fr\/aupays\/au-pays\/agenda\/#breadcrumb\",\"itemListElement\":[{\"@type\":\"ListItem\",\"position\":1,\"name\":\"Accueil\",\"item\":\"https:\/\/www.o-p-i.fr\/aupays\/\"},{\"@type\":\"ListItem\",\"position\":2,\"name\":\"Au Pays\",\"item\":\"https:\/\/www.o-p-i.fr\/aupays\/au-pays\/a-propos\/\"},{\"@type\":\"ListItem\",\"position\":3,\"name\":\"Agenda\"}]},{\"@type\":\"WebSite\",\"@id\":\"https:\/\/www.o-p-i.fr\/aupays\/#website\",\"url\":\"https:\/\/www.o-p-i.fr\/aupays\/\",\"name\":\"O.P.I. des Tescou's\",\"description\":\"Le Magazine du Pays des Tescou&#039;s\",\"publisher\":{\"@id\":\"https:\/\/www.o-p-i.fr\/aupays\/#organization\"},\"potentialAction\":[{\"@type\":\"SearchAction\",\"target\":{\"@type\":\"EntryPoint\",\"urlTemplate\":\"https:\/\/www.o-p-i.fr\/aupays\/?s={search_term_string}\"},\"query-input\":{\"@type\":\"PropertyValueSpecification\",\"valueRequired\":true,\"valueName\":\"search_term_string\"}}],\"inLanguage\":\"fr-FR\"},{\"@type\":\"Organization\",\"@id\":\"https:\/\/www.o-p-i.fr\/aupays\/#organization\",\"name\":\"O.P.I. des Tescou's\",\"url\":\"https:\/\/www.o-p-i.fr\/aupays\/\",\"logo\":{\"@type\":\"ImageObject\",\"inLanguage\":\"fr-FR\",\"@id\":\"https:\/\/www.o-p-i.fr\/aupays\/#\/schema\/logo\/image\/\",\"url\":\"https:\/\/www.o-p-i.fr\/aupays\/wp-content\/uploads\/bebe.png\",\"contentUrl\":\"https:\/\/www.o-p-i.fr\/aupays\/wp-content\/uploads\/bebe.png\",\"width\":630,\"height\":250,\"caption\":\"O.P.I. des Tescou's\"},\"image\":{\"@id\":\"https:\/\/www.o-p-i.fr\/aupays\/#\/schema\/logo\/image\/\"}}]}<\/script>\n<!-- \/ Yoast SEO plugin. -->","yoast_head_json":{"title":"Agenda - O.P.I. des Tescous","robots":{"index":"index","follow":"follow","max-snippet":"max-snippet:-1","max-image-preview":"max-image-preview:large","max-video-preview":"max-video-preview:-1"},"canonical":"https:\/\/www.o-p-i.fr\/aupays\/au-pays\/agenda\/","og_locale":"fr_FR","og_type":"article","og_title":"Agenda - O.P.I. des Tescous","og_description":"Les \u00e9v\u00e8nements au Pays des Tescou&rsquo;s Cliquez sur un \u00e9v\u00e8nement pour en savoir plus, localiser le lieu de l&rsquo;\u00e9v\u00e8nement sur un plan Google Maps &#8230;","og_url":"https:\/\/www.o-p-i.fr\/aupays\/au-pays\/agenda\/","og_site_name":"O.P.I. des Tescous","article_modified_time":"2026-01-02T11:11:19+00:00","twitter_card":"summary_large_image","twitter_misc":{"Dur\u00e9e de lecture estim\u00e9e":"1 minute","Written by":"Guillaume VIADER"},"schema":{"@context":"https:\/\/schema.org","@graph":[{"@type":"WebPage","@id":"https:\/\/www.o-p-i.fr\/aupays\/au-pays\/agenda\/","url":"https:\/\/www.o-p-i.fr\/aupays\/au-pays\/agenda\/","name":"Agenda - O.P.I. des Tescous","isPartOf":{"@id":"https:\/\/www.o-p-i.fr\/aupays\/#website"},"datePublished":"2021-06-03T08:56:10+00:00","dateModified":"2026-01-02T11:11:19+00:00","breadcrumb":{"@id":"https:\/\/www.o-p-i.fr\/aupays\/au-pays\/agenda\/#breadcrumb"},"inLanguage":"fr-FR","potentialAction":[{"@type":"ReadAction","target":["https:\/\/www.o-p-i.fr\/aupays\/au-pays\/agenda\/"]}]},{"@type":"BreadcrumbList","@id":"https:\/\/www.o-p-i.fr\/aupays\/au-pays\/agenda\/#breadcrumb","itemListElement":[{"@type":"ListItem","position":1,"name":"Accueil","item":"https:\/\/www.o-p-i.fr\/aupays\/"},{"@type":"ListItem","position":2,"name":"Au Pays","item":"https:\/\/www.o-p-i.fr\/aupays\/au-pays\/a-propos\/"},{"@type":"ListItem","position":3,"name":"Agenda"}]},{"@type":"WebSite","@id":"https:\/\/www.o-p-i.fr\/aupays\/#website","url":"https:\/\/www.o-p-i.fr\/aupays\/","name":"O.P.I. des Tescou's","description":"Le Magazine du Pays des Tescou&#039;s","publisher":{"@id":"https:\/\/www.o-p-i.fr\/aupays\/#organization"},"potentialAction":[{"@type":"SearchAction","target":{"@type":"EntryPoint","urlTemplate":"https:\/\/www.o-p-i.fr\/aupays\/?s={search_term_string}"},"query-input":{"@type":"PropertyValueSpecification","valueRequired":true,"valueName":"search_term_string"}}],"inLanguage":"fr-FR"},{"@type":"Organization","@id":"https:\/\/www.o-p-i.fr\/aupays\/#organization","name":"O.P.I. des Tescou's","url":"https:\/\/www.o-p-i.fr\/aupays\/","logo":{"@type":"ImageObject","inLanguage":"fr-FR","@id":"https:\/\/www.o-p-i.fr\/aupays\/#\/schema\/logo\/image\/","url":"https:\/\/www.o-p-i.fr\/aupays\/wp-content\/uploads\/bebe.png","contentUrl":"https:\/\/www.o-p-i.fr\/aupays\/wp-content\/uploads\/bebe.png","width":630,"height":250,"caption":"O.P.I. des Tescou's"},"image":{"@id":"https:\/\/www.o-p-i.fr\/aupays\/#\/schema\/logo\/image\/"}}]}},"jetpack_sharing_enabled":true,"jetpack-related-posts":[],"jetpack_shortlink":"https:\/\/wp.me\/Pfni7X-4FS","_links":{"self":[{"href":"https:\/\/www.o-p-i.fr\/aupays\/wp-json\/wp\/v2\/pages\/17972","targetHints":{"allow":["GET"]}}],"collection":[{"href":"https:\/\/www.o-p-i.fr\/aupays\/wp-json\/wp\/v2\/pages"}],"about":[{"href":"https:\/\/www.o-p-i.fr\/aupays\/wp-json\/wp\/v2\/types\/page"}],"author":[{"embeddable":true,"href":"https:\/\/www.o-p-i.fr\/aupays\/wp-json\/wp\/v2\/users\/11"}],"replies":[{"embeddable":true,"href":"https:\/\/www.o-p-i.fr\/aupays\/wp-json\/wp\/v2\/comments?post=17972"}],"version-history":[{"count":9,"href":"https:\/\/www.o-p-i.fr\/aupays\/wp-json\/wp\/v2\/pages\/17972\/revisions"}],"predecessor-version":[{"id":33746,"href":"https:\/\/www.o-p-i.fr\/aupays\/wp-json\/wp\/v2\/pages\/17972\/revisions\/33746"}],"up":[{"embeddable":true,"href":"https:\/\/www.o-p-i.fr\/aupays\/wp-json\/wp\/v2\/pages\/1470"}],"wp:attachment":[{"href":"https:\/\/www.o-p-i.fr\/aupays\/wp-json\/wp\/v2\/media?parent=17972"}],"wp:term":[{"taxonomy":"author","embeddable":true,"href":"https:\/\/www.o-p-i.fr\/aupays\/wp-json\/wp\/v2\/coauthors?post=17972"}],"curies":[{"name":"wp","href":"https:\/\/api.w.org\/{rel}","templated":true}]}}