{"id":18018,"date":"2021-06-03T10:51:37","date_gmt":"2021-06-03T09:51:37","guid":{"rendered":"https:\/\/www.o-p-i.fr\/aupays\/?page_id=18018"},"modified":"2025-02-15T17:13:13","modified_gmt":"2025-02-15T16:13:13","slug":"lasso","status":"publish","type":"page","link":"https:\/\/www.o-p-i.fr\/aupays\/opi\/lasso\/","title":{"rendered":"Ah l\u2019Asso !"},"content":{"rendered":"<p>OPI des Tescou\u2019s est une association \u201cloi 1901\u2033.<\/p>\n<h2 style=\"text-align: justify;\"><strong>Mentions l\u00e9gales et cr\u00e9dits du site internet<\/strong><\/h2>\n<p>Le site internet est la propri\u00e9t\u00e9 de l&rsquo;association OPI des Tescou&rsquo;s.<\/p>\n<p>Les articles sont r\u00e9dig\u00e9s par les membres de l&rsquo;association.<\/p>\n<p>Le d\u00e9veloppement web est r\u00e9alis\u00e9 par OPI des Tescou&rsquo;s.<\/p>\n<p style=\"text-align: justify;\"><!--more--><\/p>\n<h2 style=\"text-align: justify;\"><strong>Les Statuts<\/strong><\/h2>\n<h3 style=\"text-align: justify;\"><span style=\"text-decoration: underline;\">Article 1<\/span> : D\u00e9nomination<\/h3>\n<p style=\"text-align: justify;\">OPI : Optimiser, Promouvoir, Initier au Pays des Tescou\u2019s<\/p>\n<h3 style=\"text-align: justify;\"><span style=\"text-decoration: underline;\">Article 2<\/span> : Objet<\/h3>\n<p style=\"text-align: justify;\">Cette association a pour but d\u2019engager toute action permettant \u00e0 ses membres, dans l\u2019exercice de leurs activit\u00e9s tant personnelles que professionnelles, de b\u00e9n\u00e9ficier d\u2019un environnement propice \u00e0 la r\u00e9alisation de leurs projets.<\/p>\n<h3 style=\"text-align: justify;\"><span style=\"text-decoration: underline;\">Article 3<\/span> : Si\u00e8ge<\/h3>\n<p style=\"text-align: justify;\">Son si\u00e8ge est \u00e0 :<\/p>\n<p><strong>OPI des Tescou&rsquo;s<\/strong><a href=\"https:\/\/maps.app.goo.gl\/DeJQi5avj7GHawWG9\" target=\"_blank\" rel=\"noopener\"><br \/>\n<i class=\"fa-solid fa-location-dot\"><\/i><\/a> Bourriou-Haut<br \/>\n3592 Route de Monclar<br \/>\n81630 SAINT-URCISSE<\/p>\n<h3 style=\"text-align: justify;\"><span style=\"text-decoration: underline;\">Article 4<\/span> : Dur\u00e9e<\/h3>\n<p style=\"text-align: justify;\">La dur\u00e9e de l\u2019association est illimit\u00e9e.<\/p>\n<h3 style=\"text-align: justify;\"><span style=\"text-decoration: underline;\">Article 5<\/span> : Moyens d\u2019action<\/h3>\n<p style=\"text-align: justify;\">Les moyens d\u2019action de l\u2019association rel\u00e8vent notamment des registres suivants:<\/p>\n<ul>\n<li style=\"text-align: justify;\">communication interne et externe,<\/li>\n<li style=\"text-align: justify;\">\u00e9tude d\u2019opportunit\u00e9, de faisabilit\u00e9,<\/li>\n<li style=\"text-align: justify;\">formation des personnes,<\/li>\n<li style=\"text-align: justify;\">mise \u00e0 disposition de services\u2026<\/li>\n<\/ul>\n<h3><span style=\"text-decoration: underline;\">Article 6<\/span> : Composition &#8211; Cotisations<\/h3>\n<p>L\u2019association se compose :<\/p>\n<ul>\n<li style=\"text-align: justify;\">de <strong>membres actifs<\/strong>. Sont consid\u00e9r\u00e9s comme tels ceux qui, ayant acquitt\u00e9 leur droit d\u2019entr\u00e9e, sont \u00e0 jour de leur cotisation, dont le montant est fix\u00e9 chaque ann\u00e9e par le conseil d\u2019administration.<\/li>\n<li style=\"text-align: justify;\">de <strong>membres honoraires<\/strong>, nomm\u00e9s par le Conseil d\u2019Administration et pris parmi les personnes qui rendent ou qui ont rendu des services \u00e0 l\u2019association. Ils font partie de l\u2019Assembl\u00e9e G\u00e9n\u00e9rale, sans \u00eatre tenus de payer de cotisation annuelle.<\/li>\n<\/ul>\n<h3 style=\"text-align: justify;\"><span style=\"text-decoration: underline;\">Article 7<\/span> : Ressources<\/h3>\n<p style=\"text-align: justify;\">Les ressources de l\u2019association se composent :<\/p>\n<ul>\n<li style=\"text-align: justify;\">des droits d\u2019entr\u00e9e et des cotisations de ses membres ;<\/li>\n<li style=\"text-align: justify;\">des subventions qui pourraient lui \u00eatre accord\u00e9 par l\u2019\u00e9tat ou les collectivit\u00e9s publiques ;<\/li>\n<li style=\"text-align: justify;\">des sommes per\u00e7ues en contrepartie des prestations fournies par l\u2019association ;<\/li>\n<li style=\"text-align: justify;\">de toutes autres ressources autoris\u00e9es par les textes l\u00e9gislatifs et r\u00e9glementaires.<\/li>\n<\/ul>\n<h3 style=\"text-align: justify;\"><span style=\"text-decoration: underline;\">Article 8<\/span> : Conditions d\u2019adh\u00e9sion<\/h3>\n<p style=\"text-align: justify;\">Pour devenir membre actif de l\u2019association il faut en faire la demande soit par \u00e9crit, soit par le biais du site internet. Toute demande d\u2019adh\u00e9sion suppose la connaissance des statuts et du r\u00e8glement int\u00e9rieur et leur enti\u00e8re acceptation. L\u2019adh\u00e9sion ne devient effective qu\u2019apr\u00e8s r\u00e8glement du droit d\u2019entr\u00e9e qui vaut cotisation pour l\u2019ann\u00e9e en cours et acceptation du Conseil d\u2019Administration.<\/p>\n<h3 style=\"text-align: justify;\"><span style=\"text-decoration: underline;\">Article 9<\/span> : D\u00e9mission, radiation<\/h3>\n<p style=\"text-align: justify;\">La qualit\u00e9 de membre de l\u2019association se perd :<\/p>\n<ul>\n<li style=\"text-align: justify;\">par la d\u00e9mission ;<\/li>\n<li style=\"text-align: justify;\">par la radiation prononc\u00e9e par le Conseil d\u2019Administration pour motif grave, le membre concern\u00e9 ayant \u00e9t\u00e9 au pr\u00e9alable entendu, sauf recours \u00e0 l\u2019Assembl\u00e9e G\u00e9n\u00e9rale. Ce recours devra \u00eatre form\u00e9 par le membre concern\u00e9, dans un d\u00e9lai de 15 jours \u00e0 compter de la r\u00e9ception de l\u2019avis de radiation.<\/li>\n<\/ul>\n<h3><span style=\"text-decoration: underline;\">Article 10<\/span> : Administration<\/h3>\n<p>L\u2019association est administr\u00e9e par un Conseil compos\u00e9 au plus de 12 membres r\u00e9sidents, \u00e9lus par l\u2019Assembl\u00e9e G\u00e9n\u00e9rale et choisis dans la cat\u00e9gorie des membres jouissant de leurs droits civils.<br \/>\nEn cas de vacance, le Conseil pourvoit provisoirement au remplacement de ses membres. Leur remplacement d\u00e9finitif intervient au cours de la prochaine Assembl\u00e9e G\u00e9n\u00e9rale.<br \/>\nLes pouvoirs des membres ainsi \u00e9lus prennent fin \u00e0 l\u2019\u00e9poque o\u00f9 devrait normalement expirer le mandat des membres remplac\u00e9s.<br \/>\nLe renouvellement du Conseil a lieu annuellement et par tiers. Le nom des membres sortants des deux premiers renouvellements partiels sera tir\u00e9 au sort. Les membres sortants sont r\u00e9\u00e9ligibles.<br \/>\nLe Conseil choisit parmi ses membres un bureau compos\u00e9 de :<\/p>\n<ul>\n<li style=\"text-align: justify;\">un pr\u00e9sident,<\/li>\n<li style=\"text-align: justify;\">un vice-pr\u00e9sident,<\/li>\n<li style=\"text-align: justify;\">un secr\u00e9taire g\u00e9n\u00e9ral,<\/li>\n<li style=\"text-align: justify;\">un tr\u00e9sorier,<\/li>\n<li style=\"text-align: justify;\">un vice tr\u00e9sorier.<\/li>\n<\/ul>\n<p>Ce bureau est \u00e9lu pour la dur\u00e9e du mandat des administrateurs le composant.<\/p>\n<h3 style=\"text-align: justify;\"><span style=\"text-decoration: underline;\">Article 11<\/span> : R\u00e9union du Conseil<\/h3>\n<p style=\"text-align: justify;\">Le Conseil se r\u00e9unit au moins une fois par trimestre sur convocation de son Pr\u00e9sident. Il peut \u00eatre convoqu\u00e9 \u00e0 la demande de la moiti\u00e9 de ses membres.<\/p>\n<p style=\"text-align: justify;\">La pr\u00e9sence de la moiti\u00e9 des membres du Conseil d\u2019Administration est n\u00e9cessaire pour la validit\u00e9 de la d\u00e9lib\u00e9ration.<\/p>\n<p style=\"text-align: justify;\">Les d\u00e9cisions sont prises \u00e0 la majorit\u00e9 absolue ; en cas de partage la voix du Pr\u00e9sident est pr\u00e9pond\u00e9rante.<\/p>\n<p style=\"text-align: justify;\">Il est tenu proc\u00e8s verbal des s\u00e9ances.<\/p>\n<h3 style=\"text-align: justify;\"><span style=\"text-decoration: underline;\">Article 12<\/span> : Pouvoirs du conseil<\/h3>\n<p style=\"text-align: justify;\">Le Conseil d\u2019Administration est investi des pouvoirs les plus \u00e9tendus pour administrer l\u2019association, faire ou autoriser tous les actes de gestion et de repr\u00e9sentation relatifs \u00e0 son objet.<\/p>\n<p style=\"text-align: justify;\">Il autorise tous achats, ali\u00e9nations ou locations, emprunts et pr\u00eats n\u00e9cessaires au fonctionnement de l\u2019association.<\/p>\n<p style=\"text-align: justify;\">Il peut faire toute d\u00e9l\u00e9gation de pouvoirs pour une question d\u00e9termin\u00e9e et un temps limit\u00e9.<\/p>\n<p style=\"text-align: justify;\">Il \u00e9tablit et modifie le r\u00e8glement int\u00e9rieur.<\/p>\n<h3 style=\"text-align: justify;\"><span style=\"text-decoration: underline;\">Article 13<\/span> : R\u00f4le des membres du Bureau<\/h3>\n<p style=\"text-align: justify;\"><em>Pr\u00e9sident \u2013 Vice Pr\u00e9sident<\/em><\/p>\n<p style=\"text-align: justify;\">Le Pr\u00e9sident convoque les Assembl\u00e9es G\u00e9n\u00e9rales et les r\u00e9unions du Conseil d\u2019Administration. Il repr\u00e9sente l\u2019association dans tous les actes de la vie civile et est investi de tous pouvoirs \u00e0 cet effet. Il a notamment qualit\u00e9 pour ester en justice au nom de l\u2019association, tant en demande qu\u2019en d\u00e9fense.<\/p>\n<p style=\"text-align: justify;\">En cas d\u2019absence ou de maladie, il est remplac\u00e9 par le vice pr\u00e9sident et en cas d\u2019emp\u00eachement de ce dernier, par un administrateur d\u00e9l\u00e9gu\u00e9 par le conseil.<\/p>\n<p style=\"text-align: justify;\"><em>Secr\u00e9taire<\/em><\/p>\n<p style=\"text-align: justify;\">Le secr\u00e9taire est charg\u00e9 de tout ce qui concerne la correspondance et les archives. Il r\u00e9dige les proc\u00e8s verbaux des d\u00e9lib\u00e9rations et en assure la transcription sur les registres. Il tient le registre sp\u00e9cial pr\u00e9vu par la loi et assure l\u2019ex\u00e9cution des formalit\u00e9s prescrites.<\/p>\n<p style=\"text-align: justify;\"><em>Tr\u00e9sorier<\/em><\/p>\n<p style=\"text-align: justify;\">Le tr\u00e9sorier est charg\u00e9 de tout ce qui concerne la gestion du patrimoine de l\u2019association.<\/p>\n<p style=\"text-align: justify;\">Il effectue tous paiements et enregistre toutes recettes.<\/p>\n<h3 style=\"text-align: justify;\"><span style=\"text-decoration: underline;\">Article 14<\/span> : Conseil statutaire<\/h3>\n<p style=\"text-align: justify;\">Les personnes ayant \u00e9labor\u00e9 les pr\u00e9sents statuts et \u0153uvr\u00e9 au d\u00e9marrage de l\u2019association constituent le Conseil Statutaire. Ce Conseil veille \u00e0 ce que les actions engag\u00e9es par les administrateurs successifs respectent sur le fond les objectifs initiaux. Tout projet de modification des statuts devra recevoir son approbation avant d\u2019\u00eatre pr\u00e9sent\u00e9 \u00e0 l\u2019Assembl\u00e9e G\u00e9n\u00e9rale extraordinaire. Il s\u2019assure que les modifications du r\u00e8glement int\u00e9rieur n\u2019aillent pas \u00e0 l\u2019encontre des statuts et il tranche en cas de litige sur ce point.<\/p>\n<p style=\"text-align: justify;\">Le Conseil Statutaire se compose des cinq membres fondateurs indiqu\u00e9s dans le pr\u00e9ambule.<\/p>\n<p style=\"text-align: justify;\">En cas de d\u00e9part de l\u2019Association de l\u2019un de ces membres, les membres restants pourvoient \u00e0 son remplacement par cooptation.<\/p>\n<p style=\"text-align: justify;\">Les d\u00e9cisions du Conseil Statutaire sont prises \u00e0 la majorit\u00e9 des deux tiers (2\/3).<\/p>\n<h3 style=\"text-align: justify;\"><span style=\"text-decoration: underline;\">Article 15<\/span> : Assembl\u00e9es g\u00e9n\u00e9rales ordinaires<\/h3>\n<p style=\"text-align: justify;\">L\u2019Assembl\u00e9e G\u00e9n\u00e9rale de l\u2019Association comprend les membres actifs.<\/p>\n<p style=\"text-align: justify;\">Elle se r\u00e9unit au moins une fois par an et chaque fois qu\u2019elle est convoqu\u00e9e par le Conseil d\u2019Administration, ou sur la demande du quart au moins de ses membres.<\/p>\n<p style=\"text-align: justify;\">L\u2019ordre du jour est r\u00e9gl\u00e9 par le Conseil d\u2019Administration. Le bureau de l\u2019assembl\u00e9e est celui du conseil.<\/p>\n<p style=\"text-align: justify;\">Elle entend les rapports sur la gestion du Conseil d\u2019Administration et sur la situation financi\u00e8re et morale de l\u2019association.<\/p>\n<p style=\"text-align: justify;\">Elle peut nommer tout commissaire-v\u00e9rificateur des comptes et le charger de faire un rapport sur la tenue de ceux-ci.<\/p>\n<p style=\"text-align: justify;\">Elle approuve les comptes de l\u2019exercice, vote le budget de l\u2019exercice suivant et pourvoit au renouvellement des membres du Conseil d\u2019Administration.<\/p>\n<p style=\"text-align: justify;\">Elle conf\u00e8re au Conseil d\u2019Administration ou \u00e0 certains membres du bureau toutes autorisations pour accomplir les op\u00e9rations rentrant dans l\u2019objet de l\u2019association et pour lesquelles les pouvoirs statutaires seraient insuffisants.<\/p>\n<p style=\"text-align: justify;\">En outre, elle d\u00e9lib\u00e8re sur toutes les questions port\u00e9es \u00e0 l\u2019ordre du jour \u00e0 la demande sign\u00e9e de 3 membres de l\u2019Association d\u00e9pos\u00e9es au secr\u00e9tariat dix jours au moins avant la r\u00e9union.<\/p>\n<p style=\"text-align: justify;\">Les convocations sont envoy\u00e9es au moins quinze jours \u00e0 l\u2019avance et indiquent l\u2019ordre du jour.<\/p>\n<p style=\"text-align: justify;\">Toutes les d\u00e9lib\u00e9rations de l\u2019Assembl\u00e9e G\u00e9n\u00e9rale annuelle sont prises \u00e0 main lev\u00e9e \u00e0 la majorit\u00e9 absolue des membres pr\u00e9sents. Le scrutin secret peut-\u00eatre demand\u00e9 soit par le Conseil d\u2019Administration, soit par le quart des membres pr\u00e9sents.<\/p>\n<h3 style=\"text-align: justify;\"><span style=\"text-decoration: underline;\">Article 16<\/span> : Assembl\u00e9es extraordinaires<\/h3>\n<p style=\"text-align: justify;\">L\u2019Assembl\u00e9e G\u00e9n\u00e9rale a un caract\u00e8re extraordinaire lorsqu\u2019elle statue sur toutes modifications aux statuts. Elle peut d\u00e9cider la dissolution et l\u2019attribution des biens de l\u2019Association, la fusion avec toute association de m\u00eame objet.<\/p>\n<p style=\"text-align: justify;\">Une telle assembl\u00e9e devra \u00eatre compos\u00e9e du quart au moins des membres actifs. Il devra \u00eatre statu\u00e9 \u00e0 la majorit\u00e9 des trois quarts des voix des membres pr\u00e9sents.<\/p>\n<p style=\"text-align: justify;\">Les membres emp\u00each\u00e9s pourront se faire repr\u00e9senter par un autre membre de l\u2019association, au moyen d\u2019un pouvoir \u00e9crit.<\/p>\n<p style=\"text-align: justify;\">Une feuille de pr\u00e9sence sera \u00e9marg\u00e9e et certifi\u00e9e par les membres du bureau.<\/p>\n<p style=\"text-align: justify;\">Si le quorum n\u2019est pas atteint lors de l\u2019assembl\u00e9e, lors de la r\u00e9union sur premi\u00e8re convocation, l\u2019assembl\u00e9e sera convoqu\u00e9e \u00e0 nouveau, tant par avis individuel que par une insertion dans un journal local, \u00e0 quinze jour d\u2019intervalle, et, lors de cette nouvelle r\u00e9union, elle pourra valablement d\u00e9lib\u00e9rer, quel que soit le nombre des pr\u00e9sents.<\/p>\n<h3 style=\"text-align: justify;\"><span style=\"text-decoration: underline;\">Article 17<\/span> : Proc\u00e8s-verbaux<\/h3>\n<p style=\"text-align: justify;\">Les proc\u00e8s-verbaux des d\u00e9lib\u00e9rations des assembl\u00e9es sont transcrits par le Secr\u00e9taire sur un registre et sign\u00e9s du Pr\u00e9sident et d\u2019un membre du Bureau pr\u00e9sent \u00e0 la d\u00e9lib\u00e9ration.<\/p>\n<p style=\"text-align: justify;\">Les proc\u00e8s-verbaux des d\u00e9lib\u00e9rations du Conseil d\u2019Administration sont transcrits par le Secr\u00e9taire, sur un registre et sign\u00e9s par le Secr\u00e9taire et le Pr\u00e9sident.<\/p>\n<p style=\"text-align: justify;\">Le Secr\u00e9taire peut d\u00e9livrer toutes copies certifi\u00e9es conformes qui font foi vis-\u00e0-vis des tiers.<\/p>\n<h3 style=\"text-align: justify;\"><span style=\"text-decoration: underline;\">Article 18<\/span> : Dissolution<\/h3>\n<p style=\"text-align: justify;\">La dissolution de l\u2019Association ne peut \u00eatre prononc\u00e9e que par l\u2019Assembl\u00e9e G\u00e9n\u00e9rale, convoqu\u00e9e sp\u00e9cialement \u00e0 cet effet et statuant aux conditions de quorum et de majorit\u00e9 pr\u00e9vues pou les Assembl\u00e9es extraordinaires.<\/p>\n<p style=\"text-align: justify;\">L\u2019Assembl\u00e9e G\u00e9n\u00e9rale d\u00e9signe un ou plusieurs commissaires charg\u00e9s de la liquidation des biens de l\u2019association dont elle d\u00e9terminera les pouvoirs.<\/p>\n<p style=\"text-align: justify;\">Elle attribue l\u2019actif net \u00e0 toutes associations d\u00e9clar\u00e9es ayant un objet similaire ou \u00e0 tous \u00e9tablissements publics ou priv\u00e9s reconnus d\u2019utilit\u00e9 publique, de son choix.<\/p>\n<h3 style=\"text-align: justify;\"><span style=\"text-decoration: underline;\">Article 19<\/span> : R\u00e8glement int\u00e9rieur<\/h3>\n<p style=\"text-align: justify;\">Le Conseil d\u2019Administration arr\u00eatera le texte d\u2019un r\u00e8glement int\u00e9rieur, qui d\u00e9terminera les d\u00e9tails d\u2019ex\u00e9cution des pr\u00e9sents statuts.<\/p>\n<h3 style=\"text-align: justify;\"><span style=\"text-decoration: underline;\">Article 20<\/span> : Formalit\u00e9s<\/h3>\n<p style=\"text-align: justify;\">Le Pr\u00e9sident, au nom du Conseil d\u2019Administration, est charg\u00e9 de remplir toutes les formalit\u00e9s de d\u00e9claration et de publication prescrites par la l\u00e9gislation en vigueur. Tous pouvoirs sont donn\u00e9s au porteur des pr\u00e9sentes \u00e0 l\u2019effet d\u2019effectuer ces formalit\u00e9s.<\/p>\n","protected":false},"excerpt":{"rendered":"<div class=\"mh-excerpt\">OPI des Tescou\u2019s est une association \u201cloi 1901\u2033. Mentions l\u00e9gales et cr\u00e9dits du site internet Le site internet est la propri\u00e9t\u00e9 de l&rsquo;association OPI des Tescou&rsquo;s. Les articles sont r\u00e9dig\u00e9s par les membres de l&rsquo;association. <a class=\"mh-excerpt-more\" href=\"https:\/\/www.o-p-i.fr\/aupays\/opi\/lasso\/\" title=\"Ah l\u2019Asso !\">[&#8230;]<\/a><\/div>\n","protected":false},"author":5,"featured_media":0,"parent":1478,"menu_order":0,"comment_status":"closed","ping_status":"closed","template":"","meta":{"footnotes":"","_links_to":"","_links_to_target":""},"coauthors":[1201,1224],"class_list":["post-18018","page","type-page","status-publish"],"yoast_head":"<!-- This site is optimized with the Yoast SEO plugin v27.1.1 - https:\/\/yoast.com\/product\/yoast-seo-wordpress\/ -->\n<title>Ah l\u2019Asso ! - O.P.I. des Tescous<\/title>\n<meta name=\"robots\" content=\"index, follow, max-snippet:-1, max-image-preview:large, max-video-preview:-1\" \/>\n<link rel=\"canonical\" href=\"https:\/\/www.o-p-i.fr\/aupays\/opi\/lasso\/\" \/>\n<meta property=\"og:locale\" content=\"fr_FR\" \/>\n<meta property=\"og:type\" content=\"article\" \/>\n<meta property=\"og:title\" content=\"Ah l\u2019Asso ! - O.P.I. des Tescous\" \/>\n<meta property=\"og:description\" content=\"OPI des Tescou\u2019s est une association \u201cloi 1901\u2033. Mentions l\u00e9gales et cr\u00e9dits du site internet Le site internet est la propri\u00e9t\u00e9 de l&rsquo;association OPI des Tescou&rsquo;s. Les articles sont r\u00e9dig\u00e9s par les membres de l&rsquo;association. [...]\" \/>\n<meta property=\"og:url\" content=\"https:\/\/www.o-p-i.fr\/aupays\/opi\/lasso\/\" \/>\n<meta property=\"og:site_name\" content=\"O.P.I. des Tescous\" \/>\n<meta property=\"article:modified_time\" content=\"2025-02-15T16:13:13+00:00\" \/>\n<meta name=\"twitter:card\" content=\"summary_large_image\" \/>\n<meta name=\"twitter:label1\" content=\"Dur\u00e9e de lecture estim\u00e9e\" \/>\n\t<meta name=\"twitter:data1\" content=\"8 minutes\" \/>\n\t<meta name=\"twitter:label2\" content=\"Written by\" \/>\n\t<meta name=\"twitter:data2\" content=\"Philippe, Guillaume VIADER\" \/>\n<script type=\"application\/ld+json\" class=\"yoast-schema-graph\">{\"@context\":\"https:\/\/schema.org\",\"@graph\":[{\"@type\":\"WebPage\",\"@id\":\"https:\/\/www.o-p-i.fr\/aupays\/opi\/lasso\/\",\"url\":\"https:\/\/www.o-p-i.fr\/aupays\/opi\/lasso\/\",\"name\":\"Ah l\u2019Asso ! - O.P.I. des Tescous\",\"isPartOf\":{\"@id\":\"https:\/\/www.o-p-i.fr\/aupays\/#website\"},\"datePublished\":\"2021-06-03T09:51:37+00:00\",\"dateModified\":\"2025-02-15T16:13:13+00:00\",\"breadcrumb\":{\"@id\":\"https:\/\/www.o-p-i.fr\/aupays\/opi\/lasso\/#breadcrumb\"},\"inLanguage\":\"fr-FR\",\"potentialAction\":[{\"@type\":\"ReadAction\",\"target\":[\"https:\/\/www.o-p-i.fr\/aupays\/opi\/lasso\/\"]}]},{\"@type\":\"BreadcrumbList\",\"@id\":\"https:\/\/www.o-p-i.fr\/aupays\/opi\/lasso\/#breadcrumb\",\"itemListElement\":[{\"@type\":\"ListItem\",\"position\":1,\"name\":\"Accueil\",\"item\":\"https:\/\/www.o-p-i.fr\/aupays\/\"},{\"@type\":\"ListItem\",\"position\":2,\"name\":\"O.P.I.\",\"item\":\"https:\/\/www.o-p-i.fr\/aupays\/lassociation\/ah-lasso\/\"},{\"@type\":\"ListItem\",\"position\":3,\"name\":\"Ah l\u2019Asso !\"}]},{\"@type\":\"WebSite\",\"@id\":\"https:\/\/www.o-p-i.fr\/aupays\/#website\",\"url\":\"https:\/\/www.o-p-i.fr\/aupays\/\",\"name\":\"O.P.I. des Tescou's\",\"description\":\"Le Magazine du Pays des Tescou&#039;s\",\"publisher\":{\"@id\":\"https:\/\/www.o-p-i.fr\/aupays\/#organization\"},\"potentialAction\":[{\"@type\":\"SearchAction\",\"target\":{\"@type\":\"EntryPoint\",\"urlTemplate\":\"https:\/\/www.o-p-i.fr\/aupays\/?s={search_term_string}\"},\"query-input\":{\"@type\":\"PropertyValueSpecification\",\"valueRequired\":true,\"valueName\":\"search_term_string\"}}],\"inLanguage\":\"fr-FR\"},{\"@type\":\"Organization\",\"@id\":\"https:\/\/www.o-p-i.fr\/aupays\/#organization\",\"name\":\"O.P.I. des Tescou's\",\"url\":\"https:\/\/www.o-p-i.fr\/aupays\/\",\"logo\":{\"@type\":\"ImageObject\",\"inLanguage\":\"fr-FR\",\"@id\":\"https:\/\/www.o-p-i.fr\/aupays\/#\/schema\/logo\/image\/\",\"url\":\"https:\/\/www.o-p-i.fr\/aupays\/wp-content\/uploads\/bebe.png\",\"contentUrl\":\"https:\/\/www.o-p-i.fr\/aupays\/wp-content\/uploads\/bebe.png\",\"width\":630,\"height\":250,\"caption\":\"O.P.I. des Tescou's\"},\"image\":{\"@id\":\"https:\/\/www.o-p-i.fr\/aupays\/#\/schema\/logo\/image\/\"}}]}<\/script>\n<!-- \/ Yoast SEO plugin. -->","yoast_head_json":{"title":"Ah l\u2019Asso ! - O.P.I. des Tescous","robots":{"index":"index","follow":"follow","max-snippet":"max-snippet:-1","max-image-preview":"max-image-preview:large","max-video-preview":"max-video-preview:-1"},"canonical":"https:\/\/www.o-p-i.fr\/aupays\/opi\/lasso\/","og_locale":"fr_FR","og_type":"article","og_title":"Ah l\u2019Asso ! - O.P.I. des Tescous","og_description":"OPI des Tescou\u2019s est une association \u201cloi 1901\u2033. Mentions l\u00e9gales et cr\u00e9dits du site internet Le site internet est la propri\u00e9t\u00e9 de l&rsquo;association OPI des Tescou&rsquo;s. Les articles sont r\u00e9dig\u00e9s par les membres de l&rsquo;association. [...]","og_url":"https:\/\/www.o-p-i.fr\/aupays\/opi\/lasso\/","og_site_name":"O.P.I. des Tescous","article_modified_time":"2025-02-15T16:13:13+00:00","twitter_card":"summary_large_image","twitter_misc":{"Dur\u00e9e de lecture estim\u00e9e":"8 minutes","Written by":"Philippe, Guillaume VIADER"},"schema":{"@context":"https:\/\/schema.org","@graph":[{"@type":"WebPage","@id":"https:\/\/www.o-p-i.fr\/aupays\/opi\/lasso\/","url":"https:\/\/www.o-p-i.fr\/aupays\/opi\/lasso\/","name":"Ah l\u2019Asso ! - O.P.I. des Tescous","isPartOf":{"@id":"https:\/\/www.o-p-i.fr\/aupays\/#website"},"datePublished":"2021-06-03T09:51:37+00:00","dateModified":"2025-02-15T16:13:13+00:00","breadcrumb":{"@id":"https:\/\/www.o-p-i.fr\/aupays\/opi\/lasso\/#breadcrumb"},"inLanguage":"fr-FR","potentialAction":[{"@type":"ReadAction","target":["https:\/\/www.o-p-i.fr\/aupays\/opi\/lasso\/"]}]},{"@type":"BreadcrumbList","@id":"https:\/\/www.o-p-i.fr\/aupays\/opi\/lasso\/#breadcrumb","itemListElement":[{"@type":"ListItem","position":1,"name":"Accueil","item":"https:\/\/www.o-p-i.fr\/aupays\/"},{"@type":"ListItem","position":2,"name":"O.P.I.","item":"https:\/\/www.o-p-i.fr\/aupays\/lassociation\/ah-lasso\/"},{"@type":"ListItem","position":3,"name":"Ah l\u2019Asso !"}]},{"@type":"WebSite","@id":"https:\/\/www.o-p-i.fr\/aupays\/#website","url":"https:\/\/www.o-p-i.fr\/aupays\/","name":"O.P.I. des Tescou's","description":"Le Magazine du Pays des Tescou&#039;s","publisher":{"@id":"https:\/\/www.o-p-i.fr\/aupays\/#organization"},"potentialAction":[{"@type":"SearchAction","target":{"@type":"EntryPoint","urlTemplate":"https:\/\/www.o-p-i.fr\/aupays\/?s={search_term_string}"},"query-input":{"@type":"PropertyValueSpecification","valueRequired":true,"valueName":"search_term_string"}}],"inLanguage":"fr-FR"},{"@type":"Organization","@id":"https:\/\/www.o-p-i.fr\/aupays\/#organization","name":"O.P.I. des Tescou's","url":"https:\/\/www.o-p-i.fr\/aupays\/","logo":{"@type":"ImageObject","inLanguage":"fr-FR","@id":"https:\/\/www.o-p-i.fr\/aupays\/#\/schema\/logo\/image\/","url":"https:\/\/www.o-p-i.fr\/aupays\/wp-content\/uploads\/bebe.png","contentUrl":"https:\/\/www.o-p-i.fr\/aupays\/wp-content\/uploads\/bebe.png","width":630,"height":250,"caption":"O.P.I. des Tescou's"},"image":{"@id":"https:\/\/www.o-p-i.fr\/aupays\/#\/schema\/logo\/image\/"}}]}},"jetpack_sharing_enabled":true,"jetpack-related-posts":[],"jetpack_shortlink":"https:\/\/wp.me\/Pfni7X-4GC","_links":{"self":[{"href":"https:\/\/www.o-p-i.fr\/aupays\/wp-json\/wp\/v2\/pages\/18018","targetHints":{"allow":["GET"]}}],"collection":[{"href":"https:\/\/www.o-p-i.fr\/aupays\/wp-json\/wp\/v2\/pages"}],"about":[{"href":"https:\/\/www.o-p-i.fr\/aupays\/wp-json\/wp\/v2\/types\/page"}],"author":[{"embeddable":true,"href":"https:\/\/www.o-p-i.fr\/aupays\/wp-json\/wp\/v2\/users\/5"}],"replies":[{"embeddable":true,"href":"https:\/\/www.o-p-i.fr\/aupays\/wp-json\/wp\/v2\/comments?post=18018"}],"version-history":[{"count":18,"href":"https:\/\/www.o-p-i.fr\/aupays\/wp-json\/wp\/v2\/pages\/18018\/revisions"}],"predecessor-version":[{"id":32362,"href":"https:\/\/www.o-p-i.fr\/aupays\/wp-json\/wp\/v2\/pages\/18018\/revisions\/32362"}],"up":[{"embeddable":true,"href":"https:\/\/www.o-p-i.fr\/aupays\/wp-json\/wp\/v2\/pages\/1478"}],"wp:attachment":[{"href":"https:\/\/www.o-p-i.fr\/aupays\/wp-json\/wp\/v2\/media?parent=18018"}],"wp:term":[{"taxonomy":"author","embeddable":true,"href":"https:\/\/www.o-p-i.fr\/aupays\/wp-json\/wp\/v2\/coauthors?post=18018"}],"curies":[{"name":"wp","href":"https:\/\/api.w.org\/{rel}","templated":true}]}}