{"id":2,"date":"2009-08-11T12:00:21","date_gmt":"2009-08-11T11:00:21","guid":{"rendered":"\/aupays\/?page_id=2"},"modified":"2024-03-06T02:15:20","modified_gmt":"2024-03-06T01:15:20","slug":"a-propos","status":"publish","type":"page","link":"https:\/\/www.o-p-i.fr\/aupays\/au-pays\/a-propos\/","title":{"rendered":"Carte"},"content":{"rendered":"<blockquote>\n<p style=\"text-align: justify;\">Le<strong> Pays des Tescou\u2019s<\/strong> est situ\u00e9 \u00e0 l\u2019intersection de trois d\u00e9partements, le Tarn, le Tarn-et-Garonne, la Haute-Garonne et de quatre cantons. Morcel\u00e9 administrativement, le pays n\u2019en pr\u00e9sente pas moins une unit\u00e9 g\u00e9ographique et culturelle forte, polaris\u00e9e autour de la rivi\u00e8re le Tescou.<\/p>\n<\/blockquote>\n<p style=\"text-align: justify;\">En cliquant sur le village, vous obtiendrez la page de la commune avec un lien vers les adresse, n\u00b0 de t\u00e9l\u00e9phone, horaires d&rsquo;ouverture des services administratifs : Mairie, La Poste, &#8230; des services m\u00e9dicaux : m\u00e9decin, pharmacie&#8230; mais aussi biblioth\u00e8ques, \u00e9coles&#8230; et plein d&rsquo;autres information<\/p>\n<p>Pour les autres services (entreprises, artisans, commer\u00e7ants, associations &#8230; ) consultez l&rsquo;<a href=\"https:\/\/www.o-p-i.fr\/aupays\/au-pays\/annuaire\/\" target=\"_self\" rel=\"noopener noreferrer\">annuaire<\/a><\/p>\n\n<p style=\"text-align: justify;\"><strong>Votre carte !<\/strong><br \/>\nN&rsquo;h\u00e9sitez pas \u00e0 nous sugg\u00e9rer des id\u00e9es, des affichages de cartes que vous souhaiteriez voir apparaitre, ou autres id\u00e9es &#8230; <a href=\"https:\/\/www.o-p-i.fr\/aupays\/contact\/\">cliquez ici pour soumettre une id\u00e9e d&rsquo;am\u00e9lioration<\/a><\/p>\n","protected":false},"excerpt":{"rendered":"<div class=\"mh-excerpt\">Le Pays des Tescou\u2019s est situ\u00e9 \u00e0 l\u2019intersection de trois d\u00e9partements, le Tarn, le Tarn-et-Garonne, la Haute-Garonne et de quatre cantons. Morcel\u00e9 administrativement, le pays n\u2019en pr\u00e9sente pas moins une unit\u00e9 g\u00e9ographique et culturelle forte, <a class=\"mh-excerpt-more\" href=\"https:\/\/www.o-p-i.fr\/aupays\/au-pays\/a-propos\/\" title=\"Carte\">[&#8230;]<\/a><\/div>\n","protected":false},"author":2,"featured_media":0,"parent":1470,"menu_order":3,"comment_status":"closed","ping_status":"open","template":"","meta":{"footnotes":"","_links_to":"","_links_to_target":""},"coauthors":[],"class_list":["post-2","page","type-page","status-publish"],"yoast_head":"<!-- This site is optimized with the Yoast SEO plugin v27.1.1 - https:\/\/yoast.com\/product\/yoast-seo-wordpress\/ -->\n<title>Carte - O.P.I. des Tescous<\/title>\n<meta name=\"robots\" content=\"index, follow, max-snippet:-1, max-image-preview:large, max-video-preview:-1\" \/>\n<link rel=\"canonical\" href=\"https:\/\/www.o-p-i.fr\/aupays\/au-pays\/a-propos\/\" \/>\n<meta property=\"og:locale\" content=\"fr_FR\" \/>\n<meta property=\"og:type\" content=\"article\" \/>\n<meta property=\"og:title\" content=\"Carte - O.P.I. des Tescous\" \/>\n<meta property=\"og:description\" content=\"Le Pays des Tescou\u2019s est situ\u00e9 \u00e0 l\u2019intersection de trois d\u00e9partements, le Tarn, le Tarn-et-Garonne, la Haute-Garonne et de quatre cantons. Morcel\u00e9 administrativement, le pays n\u2019en pr\u00e9sente pas moins une unit\u00e9 g\u00e9ographique et culturelle forte, [...]\" \/>\n<meta property=\"og:url\" content=\"https:\/\/www.o-p-i.fr\/aupays\/au-pays\/a-propos\/\" \/>\n<meta property=\"og:site_name\" content=\"O.P.I. des Tescous\" \/>\n<meta property=\"article:modified_time\" content=\"2024-03-06T01:15:20+00:00\" \/>\n<meta name=\"twitter:card\" content=\"summary_large_image\" \/>\n<meta name=\"twitter:label1\" content=\"Dur\u00e9e de lecture estim\u00e9e\" \/>\n\t<meta name=\"twitter:data1\" content=\"1 minute\" \/>\n\t<meta name=\"twitter:label2\" content=\"Written by\" \/>\n\t<meta name=\"twitter:data2\" content=\"Emilie\" \/>\n<script type=\"application\/ld+json\" class=\"yoast-schema-graph\">{\"@context\":\"https:\/\/schema.org\",\"@graph\":[{\"@type\":\"WebPage\",\"@id\":\"https:\/\/www.o-p-i.fr\/aupays\/au-pays\/a-propos\/\",\"url\":\"https:\/\/www.o-p-i.fr\/aupays\/au-pays\/a-propos\/\",\"name\":\"Carte - O.P.I. des Tescous\",\"isPartOf\":{\"@id\":\"https:\/\/www.o-p-i.fr\/aupays\/#website\"},\"datePublished\":\"2009-08-11T11:00:21+00:00\",\"dateModified\":\"2024-03-06T01:15:20+00:00\",\"breadcrumb\":{\"@id\":\"https:\/\/www.o-p-i.fr\/aupays\/au-pays\/a-propos\/#breadcrumb\"},\"inLanguage\":\"fr-FR\",\"potentialAction\":[{\"@type\":\"ReadAction\",\"target\":[\"https:\/\/www.o-p-i.fr\/aupays\/au-pays\/a-propos\/\"]}]},{\"@type\":\"BreadcrumbList\",\"@id\":\"https:\/\/www.o-p-i.fr\/aupays\/au-pays\/a-propos\/#breadcrumb\",\"itemListElement\":[{\"@type\":\"ListItem\",\"position\":1,\"name\":\"Accueil\",\"item\":\"https:\/\/www.o-p-i.fr\/aupays\/\"},{\"@type\":\"ListItem\",\"position\":2,\"name\":\"Au Pays\",\"item\":\"https:\/\/www.o-p-i.fr\/aupays\/au-pays\/a-propos\/\"},{\"@type\":\"ListItem\",\"position\":3,\"name\":\"Carte\"}]},{\"@type\":\"WebSite\",\"@id\":\"https:\/\/www.o-p-i.fr\/aupays\/#website\",\"url\":\"https:\/\/www.o-p-i.fr\/aupays\/\",\"name\":\"O.P.I. des Tescou's\",\"description\":\"Le Magazine du Pays des Tescou&#039;s\",\"publisher\":{\"@id\":\"https:\/\/www.o-p-i.fr\/aupays\/#organization\"},\"potentialAction\":[{\"@type\":\"SearchAction\",\"target\":{\"@type\":\"EntryPoint\",\"urlTemplate\":\"https:\/\/www.o-p-i.fr\/aupays\/?s={search_term_string}\"},\"query-input\":{\"@type\":\"PropertyValueSpecification\",\"valueRequired\":true,\"valueName\":\"search_term_string\"}}],\"inLanguage\":\"fr-FR\"},{\"@type\":\"Organization\",\"@id\":\"https:\/\/www.o-p-i.fr\/aupays\/#organization\",\"name\":\"O.P.I. des Tescou's\",\"url\":\"https:\/\/www.o-p-i.fr\/aupays\/\",\"logo\":{\"@type\":\"ImageObject\",\"inLanguage\":\"fr-FR\",\"@id\":\"https:\/\/www.o-p-i.fr\/aupays\/#\/schema\/logo\/image\/\",\"url\":\"https:\/\/www.o-p-i.fr\/aupays\/wp-content\/uploads\/bebe.png\",\"contentUrl\":\"https:\/\/www.o-p-i.fr\/aupays\/wp-content\/uploads\/bebe.png\",\"width\":630,\"height\":250,\"caption\":\"O.P.I. des Tescou's\"},\"image\":{\"@id\":\"https:\/\/www.o-p-i.fr\/aupays\/#\/schema\/logo\/image\/\"}}]}<\/script>\n<!-- \/ Yoast SEO plugin. -->","yoast_head_json":{"title":"Carte - O.P.I. des Tescous","robots":{"index":"index","follow":"follow","max-snippet":"max-snippet:-1","max-image-preview":"max-image-preview:large","max-video-preview":"max-video-preview:-1"},"canonical":"https:\/\/www.o-p-i.fr\/aupays\/au-pays\/a-propos\/","og_locale":"fr_FR","og_type":"article","og_title":"Carte - O.P.I. des Tescous","og_description":"Le Pays des Tescou\u2019s est situ\u00e9 \u00e0 l\u2019intersection de trois d\u00e9partements, le Tarn, le Tarn-et-Garonne, la Haute-Garonne et de quatre cantons. Morcel\u00e9 administrativement, le pays n\u2019en pr\u00e9sente pas moins une unit\u00e9 g\u00e9ographique et culturelle forte, [...]","og_url":"https:\/\/www.o-p-i.fr\/aupays\/au-pays\/a-propos\/","og_site_name":"O.P.I. des Tescous","article_modified_time":"2024-03-06T01:15:20+00:00","twitter_card":"summary_large_image","twitter_misc":{"Dur\u00e9e de lecture estim\u00e9e":"1 minute","Written by":"Emilie"},"schema":{"@context":"https:\/\/schema.org","@graph":[{"@type":"WebPage","@id":"https:\/\/www.o-p-i.fr\/aupays\/au-pays\/a-propos\/","url":"https:\/\/www.o-p-i.fr\/aupays\/au-pays\/a-propos\/","name":"Carte - O.P.I. des Tescous","isPartOf":{"@id":"https:\/\/www.o-p-i.fr\/aupays\/#website"},"datePublished":"2009-08-11T11:00:21+00:00","dateModified":"2024-03-06T01:15:20+00:00","breadcrumb":{"@id":"https:\/\/www.o-p-i.fr\/aupays\/au-pays\/a-propos\/#breadcrumb"},"inLanguage":"fr-FR","potentialAction":[{"@type":"ReadAction","target":["https:\/\/www.o-p-i.fr\/aupays\/au-pays\/a-propos\/"]}]},{"@type":"BreadcrumbList","@id":"https:\/\/www.o-p-i.fr\/aupays\/au-pays\/a-propos\/#breadcrumb","itemListElement":[{"@type":"ListItem","position":1,"name":"Accueil","item":"https:\/\/www.o-p-i.fr\/aupays\/"},{"@type":"ListItem","position":2,"name":"Au Pays","item":"https:\/\/www.o-p-i.fr\/aupays\/au-pays\/a-propos\/"},{"@type":"ListItem","position":3,"name":"Carte"}]},{"@type":"WebSite","@id":"https:\/\/www.o-p-i.fr\/aupays\/#website","url":"https:\/\/www.o-p-i.fr\/aupays\/","name":"O.P.I. des Tescou's","description":"Le Magazine du Pays des Tescou&#039;s","publisher":{"@id":"https:\/\/www.o-p-i.fr\/aupays\/#organization"},"potentialAction":[{"@type":"SearchAction","target":{"@type":"EntryPoint","urlTemplate":"https:\/\/www.o-p-i.fr\/aupays\/?s={search_term_string}"},"query-input":{"@type":"PropertyValueSpecification","valueRequired":true,"valueName":"search_term_string"}}],"inLanguage":"fr-FR"},{"@type":"Organization","@id":"https:\/\/www.o-p-i.fr\/aupays\/#organization","name":"O.P.I. des Tescou's","url":"https:\/\/www.o-p-i.fr\/aupays\/","logo":{"@type":"ImageObject","inLanguage":"fr-FR","@id":"https:\/\/www.o-p-i.fr\/aupays\/#\/schema\/logo\/image\/","url":"https:\/\/www.o-p-i.fr\/aupays\/wp-content\/uploads\/bebe.png","contentUrl":"https:\/\/www.o-p-i.fr\/aupays\/wp-content\/uploads\/bebe.png","width":630,"height":250,"caption":"O.P.I. des Tescou's"},"image":{"@id":"https:\/\/www.o-p-i.fr\/aupays\/#\/schema\/logo\/image\/"}}]}},"jetpack_sharing_enabled":true,"jetpack-related-posts":[],"jetpack_shortlink":"https:\/\/wp.me\/Pfni7X-2","_links":{"self":[{"href":"https:\/\/www.o-p-i.fr\/aupays\/wp-json\/wp\/v2\/pages\/2","targetHints":{"allow":["GET"]}}],"collection":[{"href":"https:\/\/www.o-p-i.fr\/aupays\/wp-json\/wp\/v2\/pages"}],"about":[{"href":"https:\/\/www.o-p-i.fr\/aupays\/wp-json\/wp\/v2\/types\/page"}],"author":[{"embeddable":true,"href":"https:\/\/www.o-p-i.fr\/aupays\/wp-json\/wp\/v2\/users\/2"}],"replies":[{"embeddable":true,"href":"https:\/\/www.o-p-i.fr\/aupays\/wp-json\/wp\/v2\/comments?post=2"}],"version-history":[{"count":38,"href":"https:\/\/www.o-p-i.fr\/aupays\/wp-json\/wp\/v2\/pages\/2\/revisions"}],"predecessor-version":[{"id":29421,"href":"https:\/\/www.o-p-i.fr\/aupays\/wp-json\/wp\/v2\/pages\/2\/revisions\/29421"}],"up":[{"embeddable":true,"href":"https:\/\/www.o-p-i.fr\/aupays\/wp-json\/wp\/v2\/pages\/1470"}],"wp:attachment":[{"href":"https:\/\/www.o-p-i.fr\/aupays\/wp-json\/wp\/v2\/media?parent=2"}],"wp:term":[{"taxonomy":"author","embeddable":true,"href":"https:\/\/www.o-p-i.fr\/aupays\/wp-json\/wp\/v2\/coauthors?post=2"}],"curies":[{"name":"wp","href":"https:\/\/api.w.org\/{rel}","templated":true}]}}