{"id":29457,"date":"2024-03-14T14:30:34","date_gmt":"2024-03-14T13:30:34","guid":{"rendered":"https:\/\/www.o-p-i.fr\/aupays\/?page_id=29457"},"modified":"2024-03-14T14:38:43","modified_gmt":"2024-03-14T13:38:43","slug":"verlhac-tescou-82230","status":"publish","type":"page","link":"https:\/\/www.o-p-i.fr\/aupays\/verlhac-tescou-82230\/","title":{"rendered":"Verlhac-Tescou &#8211; 82230"},"content":{"rendered":"\n<p>Bienvenue sur la page d\u00e9di\u00e9e \u00e0 la commune de Verlhac-Tescou, situ\u00e9e \u00e0 la limite du Tarn et Garonne, du Tarn et la Haute-Garonne<\/p>\n\n\n\n<div class=\"extendedwopts-md-center wp-block-columns is-layout-flex wp-container-core-columns-is-layout-9d6595d7 wp-block-columns-is-layout-flex\">\n<div class=\"wp-block-column is-layout-flow wp-block-column-is-layout-flow\">\n<h4 class=\"wp-block-heading\">Services sociaux, de sant\u00e9, secours et s\u00e9curit\u00e9.<\/h4>\n\n\n\n<figure class=\"wp-block-image size-full is-resized\"><a href=\"https:\/\/www.o-p-i.fr\/aupays\/nos-villages\/en-pratique-a-verlhac-tescou\/\"><img loading=\"lazy\" decoding=\"async\" width=\"800\" height=\"532\" src=\"https:\/\/www.o-p-i.fr\/aupays\/wp-content\/uploads\/info-pratique.jpg\" alt=\"\" class=\"wp-image-29249\" style=\"width:191px;height:auto\" srcset=\"https:\/\/www.o-p-i.fr\/aupays\/wp-content\/uploads\/info-pratique.jpg 800w, https:\/\/www.o-p-i.fr\/aupays\/wp-content\/uploads\/info-pratique-300x200.jpg 300w, https:\/\/www.o-p-i.fr\/aupays\/wp-content\/uploads\/info-pratique-768x511.jpg 768w, https:\/\/www.o-p-i.fr\/aupays\/wp-content\/uploads\/info-pratique-750x499.jpg 750w, https:\/\/www.o-p-i.fr\/aupays\/wp-content\/uploads\/info-pratique-400x266.jpg 400w, https:\/\/www.o-p-i.fr\/aupays\/wp-content\/uploads\/info-pratique-430x286.jpg 430w, https:\/\/www.o-p-i.fr\/aupays\/wp-content\/uploads\/info-pratique-150x100.jpg 150w, https:\/\/www.o-p-i.fr\/aupays\/wp-content\/uploads\/info-pratique-100x67.jpg 100w, https:\/\/www.o-p-i.fr\/aupays\/wp-content\/uploads\/info-pratique-600x399.jpg 600w, https:\/\/www.o-p-i.fr\/aupays\/wp-content\/uploads\/info-pratique-272x182.jpg 272w\" sizes=\"auto, (max-width: 800px) 100vw, 800px\" \/><\/a><\/figure>\n<\/div>\n\n\n\n<div class=\"wp-block-column is-layout-flow wp-block-column-is-layout-flow\">\n<h4 class=\"wp-block-heading\">Municipalit\u00e9<\/h4>\n\n\n<div class=\"wp-block-image\">\n<figure class=\"aligncenter size-full is-resized\"><a href=\"https:\/\/www.o-p-i.fr\/aupays\/vie-des-communes\/vie-a-verlhac-tescou\/mairie-a-verlhac-tescou\/\"><img loading=\"lazy\" decoding=\"async\" width=\"521\" height=\"470\" src=\"https:\/\/www.o-p-i.fr\/aupays\/wp-content\/uploads\/Icones_Mairie-521x470-1.png\" alt=\"\" class=\"wp-image-29252\" style=\"width:187px;height:auto\" srcset=\"https:\/\/www.o-p-i.fr\/aupays\/wp-content\/uploads\/Icones_Mairie-521x470-1.png 521w, https:\/\/www.o-p-i.fr\/aupays\/wp-content\/uploads\/Icones_Mairie-521x470-1-300x271.png 300w, https:\/\/www.o-p-i.fr\/aupays\/wp-content\/uploads\/Icones_Mairie-521x470-1-400x361.png 400w, https:\/\/www.o-p-i.fr\/aupays\/wp-content\/uploads\/Icones_Mairie-521x470-1-430x388.png 430w, https:\/\/www.o-p-i.fr\/aupays\/wp-content\/uploads\/Icones_Mairie-521x470-1-150x135.png 150w, https:\/\/www.o-p-i.fr\/aupays\/wp-content\/uploads\/Icones_Mairie-521x470-1-100x90.png 100w\" sizes=\"auto, (max-width: 521px) 100vw, 521px\" \/><\/a><\/figure>\n<\/div><\/div>\n<\/div>\n\n\n\n<div class=\"extendedwopts-md-center wp-block-columns is-layout-flex wp-container-core-columns-is-layout-9d6595d7 wp-block-columns-is-layout-flex\">\n<div class=\"wp-block-column is-layout-flow wp-block-column-is-layout-flow\">\n<h4 class=\"wp-block-heading\">Pour venir \u00e0 Verlhac-Tescou<\/h4>\n\n\n<\/div>\n\n\n\n<div class=\"wp-block-column is-layout-flow wp-block-column-is-layout-flow\">\n<h4 class=\"wp-block-heading\">Dans l&rsquo;annuaire \u00e0 Verlhac-Tescou<\/h4>\n\n\n<div\n\t\t\t\n\t\t\tclass=\"so-widget-sow-post-carousel so-widget-sow-post-carousel-base-0471499d4c66\"\n\t\t\t\n\t\t>\t<div\n\t\tclass=\"sow-post-carousel-wrapper sow-post-carousel-theme-base\"\n\t\tstyle=\"overflow: hidden; max-width: 100%; min-height: 182px\"\n\t>\n\t\t<div class=\"sow-carousel-title\">\n\t\t\t<div class=\"sow-carousel-navigation \">\n\t\t\t\t\t\t<a href=\"#\" class=\"sow-carousel-next\" title=\"Suivant\" aria-label=\"Next Posts\" role=\"button\"><\/a>\n\t\t\t\t\t\t<a href=\"#\" class=\"sow-carousel-previous\" title=\"Pr\u00e9c\u00e9dent\" aria-label=\"Previous Posts\" role=\"button\"><\/a>\n\t\t\t\t\t<\/div>\n\t<\/div>\n\n<div class=\"sow-carousel-container \">\n\t\t<div class=\"sow-carousel-wrapper\"\n\t\tdata-dir=\"ltr\"\n\t\tstyle=\"opacity: 0;\"\n\t\tdata-widget=\"post\" data-fetching=\"false\" data-page=\"1\" data-ajax-url=\"https:\/\/www.o-p-i.fr\/aupays\/wp-admin\/admin-ajax.php?_widgets_nonce=cde924a481\" data-item_count=\"12\" data-carousel_settings=\"{&quot;loop&quot;:true,&quot;animation&quot;:&quot;&quot;,&quot;animation_speed&quot;:400,&quot;autoplay&quot;:&quot;off&quot;,&quot;pauseOnHover&quot;:false,&quot;autoplaySpeed&quot;:8000,&quot;item_overflow&quot;:true,&quot;autoplay_continuous_scroll&quot;:false}\" data-responsive=\"{&quot;desktop_slides_to_scroll&quot;:1,&quot;tablet_landscape_breakpoint&quot;:1366,&quot;tablet_landscape_slides_to_scroll&quot;:2,&quot;tablet_portrait_breakpoint&quot;:1025,&quot;tablet_portrait_slides_to_scroll&quot;:2,&quot;mobile_breakpoint&quot;:480,&quot;mobile_slides_to_scroll&quot;:1}\" data-variable_width=\"true\" \t>\n\t\t<div\n\t\t\tclass=\"sow-carousel-items\"\n\t\t\t\t\t>\n\t\t\t\t<div class=\"sow-carousel-item\" tabindex=\"-1\" style=\"float: left;\">\n\t\t<div class=\"sow-carousel-thumbnail\">\n\t\t\t\t\t\t\t<a\n\t\t\t\t\thref=\"https:\/\/www.o-p-i.fr\/aupays\/annuaire\/loisirs\/hiaude-hier-aujourdhui-demain-a-verlhac\/\"\n\t\t\t\t\t\t\t\t\t\tstyle=\"background-image: url( https:\/\/www.o-p-i.fr\/aupays\/wp-content\/uploads\/HIAUDE-e1627390323610.jpg?wsr )\"\n\t\t\t\t\taria-labelledby=\"sow-carousel-id-10820\"\n\t\t\t\t\ttabindex=\"-1\"\n\t\t\t\t>\n\t\t\t\t\t<span class=\"overlay\"><\/span>\n\t\t\t\t<\/a>\n\t\t\t\t\t<\/div>\n\t\t<h3 class=\"sow-carousel-item-title\">\n\t\t\t<a\n\t\t\t\thref=\"https:\/\/www.o-p-i.fr\/aupays\/annuaire\/loisirs\/hiaude-hier-aujourdhui-demain-a-verlhac\/\"\n\t\t\t\tid=\"sow-carousel-id-10820\"\n\t\t\t\t\t\t\t\ttabindex=\"-1\"\n\t\t\t>\n\n\t\t\t\tHIAUDE (Hier Aujourd&rsquo;hui Demain \u00e0 Verlhac)\t\t\t<\/a>\n\t\t<\/h3>\n\t<\/div>\n\t\t<div class=\"sow-carousel-item\" tabindex=\"-1\" style=\"float: left;\">\n\t\t<div class=\"sow-carousel-thumbnail\">\n\t\t\t\t\t\t\t<a\n\t\t\t\t\thref=\"https:\/\/www.o-p-i.fr\/aupays\/vie-des-communes\/vie-a-verlhac-tescou\/mecajardin-82\/\"\n\t\t\t\t\t\t\t\t\t\tstyle=\"background-image: url( https:\/\/www.o-p-i.fr\/aupays\/wp-content\/uploads\/M\u00e9cajardin-e1627391147540.jpg?wsr )\"\n\t\t\t\t\taria-labelledby=\"sow-carousel-id-8775\"\n\t\t\t\t\ttabindex=\"-1\"\n\t\t\t\t>\n\t\t\t\t\t<span class=\"overlay\"><\/span>\n\t\t\t\t<\/a>\n\t\t\t\t\t<\/div>\n\t\t<h3 class=\"sow-carousel-item-title\">\n\t\t\t<a\n\t\t\t\thref=\"https:\/\/www.o-p-i.fr\/aupays\/vie-des-communes\/vie-a-verlhac-tescou\/mecajardin-82\/\"\n\t\t\t\tid=\"sow-carousel-id-8775\"\n\t\t\t\t\t\t\t\ttabindex=\"-1\"\n\t\t\t>\n\n\t\t\t\tM\u00e9caJardin 82\t\t\t<\/a>\n\t\t<\/h3>\n\t<\/div>\n\t\t<div class=\"sow-carousel-item\" tabindex=\"-1\" style=\"float: left;\">\n\t\t<div class=\"sow-carousel-thumbnail\">\n\t\t\t\t\t\t\t<a\n\t\t\t\t\thref=\"https:\/\/www.o-p-i.fr\/aupays\/vie-des-communes\/vie-a-verlhac-tescou\/assistantes-maternelles-a-verlhac-tescou\/\"\n\t\t\t\t\tclass=\"sow-carousel-default-thumbnail\"\n\t\t\t\t\t\t\t\t\t\t\t\t\t\t\taria-labelledby=\"sow-carousel-id-11264\"\n\t\t\t\t\ttabindex=\"-1\"\n\t\t\t\t>\n\t\t\t\t\t<span class=\"overlay\"><\/span>\n\t\t\t\t<\/a>\n\t\t\t\t\t<\/div>\n\t\t<h3 class=\"sow-carousel-item-title\">\n\t\t\t<a\n\t\t\t\thref=\"https:\/\/www.o-p-i.fr\/aupays\/vie-des-communes\/vie-a-verlhac-tescou\/assistantes-maternelles-a-verlhac-tescou\/\"\n\t\t\t\tid=\"sow-carousel-id-11264\"\n\t\t\t\t\t\t\t\ttabindex=\"-1\"\n\t\t\t>\n\n\t\t\t\tAssistantes Maternelles  &#8230; \u00e0 Verlhac Tescou\t\t\t<\/a>\n\t\t<\/h3>\n\t<\/div>\n\t\t<div class=\"sow-carousel-item\" tabindex=\"-1\" style=\"float: left;\">\n\t\t<div class=\"sow-carousel-thumbnail\">\n\t\t\t\t\t\t\t<a\n\t\t\t\t\thref=\"https:\/\/www.o-p-i.fr\/aupays\/annuaire\/dechetterie-du-quercy-vert\/\"\n\t\t\t\t\tclass=\"sow-carousel-default-thumbnail\"\n\t\t\t\t\t\t\t\t\t\t\t\t\t\t\taria-labelledby=\"sow-carousel-id-134\"\n\t\t\t\t\ttabindex=\"-1\"\n\t\t\t\t>\n\t\t\t\t\t<span class=\"overlay\"><\/span>\n\t\t\t\t<\/a>\n\t\t\t\t\t<\/div>\n\t\t<h3 class=\"sow-carousel-item-title\">\n\t\t\t<a\n\t\t\t\thref=\"https:\/\/www.o-p-i.fr\/aupays\/annuaire\/dechetterie-du-quercy-vert\/\"\n\t\t\t\tid=\"sow-carousel-id-134\"\n\t\t\t\t\t\t\t\ttabindex=\"-1\"\n\t\t\t>\n\n\t\t\t\tD\u00e9chetterie du Quercy Vert\t\t\t<\/a>\n\t\t<\/h3>\n\t<\/div>\n\t\t<div class=\"sow-carousel-item\" tabindex=\"-1\" style=\"float: left;\">\n\t\t<div class=\"sow-carousel-thumbnail\">\n\t\t\t\t\t\t\t<a\n\t\t\t\t\thref=\"https:\/\/www.o-p-i.fr\/aupays\/nos-villages\/en-pratique-a-verlhac-tescou\/\"\n\t\t\t\t\tclass=\"sow-carousel-default-thumbnail\"\n\t\t\t\t\t\t\t\t\t\t\t\t\t\t\taria-labelledby=\"sow-carousel-id-408\"\n\t\t\t\t\ttabindex=\"-1\"\n\t\t\t\t>\n\t\t\t\t\t<span class=\"overlay\"><\/span>\n\t\t\t\t<\/a>\n\t\t\t\t\t<\/div>\n\t\t<h3 class=\"sow-carousel-item-title\">\n\t\t\t<a\n\t\t\t\thref=\"https:\/\/www.o-p-i.fr\/aupays\/nos-villages\/en-pratique-a-verlhac-tescou\/\"\n\t\t\t\tid=\"sow-carousel-id-408\"\n\t\t\t\t\t\t\t\ttabindex=\"-1\"\n\t\t\t>\n\n\t\t\t\tEn Pratique &#8230; \u00e0 Verlhac-Tescou\t\t\t<\/a>\n\t\t<\/h3>\n\t<\/div>\n\t\t<div class=\"sow-carousel-item\" tabindex=\"-1\" style=\"float: left;\">\n\t\t<div class=\"sow-carousel-thumbnail\">\n\t\t\t\t\t\t\t<a\n\t\t\t\t\thref=\"https:\/\/www.o-p-i.fr\/aupays\/vie-des-communes\/vie-a-beauvais-sur-tescou\/portage-de-repas-a-domicile-au-pays-des-tescous\/\"\n\t\t\t\t\tclass=\"sow-carousel-default-thumbnail\"\n\t\t\t\t\t\t\t\t\t\t\t\t\t\t\taria-labelledby=\"sow-carousel-id-2910\"\n\t\t\t\t\ttabindex=\"-1\"\n\t\t\t\t>\n\t\t\t\t\t<span class=\"overlay\"><\/span>\n\t\t\t\t<\/a>\n\t\t\t\t\t<\/div>\n\t\t<h3 class=\"sow-carousel-item-title\">\n\t\t\t<a\n\t\t\t\thref=\"https:\/\/www.o-p-i.fr\/aupays\/vie-des-communes\/vie-a-beauvais-sur-tescou\/portage-de-repas-a-domicile-au-pays-des-tescous\/\"\n\t\t\t\tid=\"sow-carousel-id-2910\"\n\t\t\t\t\t\t\t\ttabindex=\"-1\"\n\t\t\t>\n\n\t\t\t\tPortage de repas \u00e0 domicile au Pays des Tescou&rsquo;s\t\t\t<\/a>\n\t\t<\/h3>\n\t<\/div>\n\t\t<div class=\"sow-carousel-item\" tabindex=\"-1\" style=\"float: left;\">\n\t\t<div class=\"sow-carousel-thumbnail\">\n\t\t\t\t\t\t\t<a\n\t\t\t\t\thref=\"https:\/\/www.o-p-i.fr\/aupays\/annuaire\/loisirs\/culte-a-verlhac-tescou\/\"\n\t\t\t\t\tclass=\"sow-carousel-default-thumbnail\"\n\t\t\t\t\t\t\t\t\t\t\t\t\t\t\taria-labelledby=\"sow-carousel-id-10367\"\n\t\t\t\t\ttabindex=\"-1\"\n\t\t\t\t>\n\t\t\t\t\t<span class=\"overlay\"><\/span>\n\t\t\t\t<\/a>\n\t\t\t\t\t<\/div>\n\t\t<h3 class=\"sow-carousel-item-title\">\n\t\t\t<a\n\t\t\t\thref=\"https:\/\/www.o-p-i.fr\/aupays\/annuaire\/loisirs\/culte-a-verlhac-tescou\/\"\n\t\t\t\tid=\"sow-carousel-id-10367\"\n\t\t\t\t\t\t\t\ttabindex=\"-1\"\n\t\t\t>\n\n\t\t\t\tCulte &#8230; \u00e0 Verlhac-Tescou\t\t\t<\/a>\n\t\t<\/h3>\n\t<\/div>\n\t\t<div class=\"sow-carousel-item\" tabindex=\"-1\" style=\"float: left;\">\n\t\t<div class=\"sow-carousel-thumbnail\">\n\t\t\t\t\t\t\t<a\n\t\t\t\t\thref=\"https:\/\/www.o-p-i.fr\/aupays\/vie-des-communes\/vie-a-verlhac-tescou\/mairie-a-verlhac-tescou\/\"\n\t\t\t\t\tclass=\"sow-carousel-default-thumbnail\"\n\t\t\t\t\t\t\t\t\t\t\t\t\t\t\taria-labelledby=\"sow-carousel-id-3481\"\n\t\t\t\t\ttabindex=\"-1\"\n\t\t\t\t>\n\t\t\t\t\t<span class=\"overlay\"><\/span>\n\t\t\t\t<\/a>\n\t\t\t\t\t<\/div>\n\t\t<h3 class=\"sow-carousel-item-title\">\n\t\t\t<a\n\t\t\t\thref=\"https:\/\/www.o-p-i.fr\/aupays\/vie-des-communes\/vie-a-verlhac-tescou\/mairie-a-verlhac-tescou\/\"\n\t\t\t\tid=\"sow-carousel-id-3481\"\n\t\t\t\t\t\t\t\ttabindex=\"-1\"\n\t\t\t>\n\n\t\t\t\tMairie &#8230; \u00e0 Verlhac-Tescou\t\t\t<\/a>\n\t\t<\/h3>\n\t<\/div>\n\t\t<div class=\"sow-carousel-item\" tabindex=\"-1\" style=\"float: left;\">\n\t\t<div class=\"sow-carousel-thumbnail\">\n\t\t\t\t\t\t\t<a\n\t\t\t\t\thref=\"https:\/\/www.o-p-i.fr\/aupays\/annuaire\/communaute-de-communes-du-quercy-vert\/\"\n\t\t\t\t\tclass=\"sow-carousel-default-thumbnail\"\n\t\t\t\t\t\t\t\t\t\t\t\t\t\t\taria-labelledby=\"sow-carousel-id-125\"\n\t\t\t\t\ttabindex=\"-1\"\n\t\t\t\t>\n\t\t\t\t\t<span class=\"overlay\"><\/span>\n\t\t\t\t<\/a>\n\t\t\t\t\t<\/div>\n\t\t<h3 class=\"sow-carousel-item-title\">\n\t\t\t<a\n\t\t\t\thref=\"https:\/\/www.o-p-i.fr\/aupays\/annuaire\/communaute-de-communes-du-quercy-vert\/\"\n\t\t\t\tid=\"sow-carousel-id-125\"\n\t\t\t\t\t\t\t\ttabindex=\"-1\"\n\t\t\t>\n\n\t\t\t\tCommunaut\u00e9 de Communes du Quercy Vert\t\t\t<\/a>\n\t\t<\/h3>\n\t<\/div>\n\t\t<div class=\"sow-carousel-item\" tabindex=\"-1\" style=\"float: left;\">\n\t\t<div class=\"sow-carousel-thumbnail\">\n\t\t\t\t\t\t\t<a\n\t\t\t\t\thref=\"https:\/\/www.o-p-i.fr\/aupays\/vie-des-communes\/vie-a-verlhac-tescou\/le-potager-de-verlhac\/\"\n\t\t\t\t\tclass=\"sow-carousel-default-thumbnail\"\n\t\t\t\t\t\t\t\t\t\t\t\t\t\t\taria-labelledby=\"sow-carousel-id-7430\"\n\t\t\t\t\ttabindex=\"-1\"\n\t\t\t\t>\n\t\t\t\t\t<span class=\"overlay\"><\/span>\n\t\t\t\t<\/a>\n\t\t\t\t\t<\/div>\n\t\t<h3 class=\"sow-carousel-item-title\">\n\t\t\t<a\n\t\t\t\thref=\"https:\/\/www.o-p-i.fr\/aupays\/vie-des-communes\/vie-a-verlhac-tescou\/le-potager-de-verlhac\/\"\n\t\t\t\tid=\"sow-carousel-id-7430\"\n\t\t\t\t\t\t\t\ttabindex=\"-1\"\n\t\t\t>\n\n\t\t\t\tLe Potager de Verlhac\t\t\t<\/a>\n\t\t<\/h3>\n\t<\/div>\n\t\t\t<\/div>\n\t\t\t<\/div>\n\n\t<\/div>\n\t\t<input type=\"hidden\" name=\"instance_hash\" value=\"2334db67\"\/>\n\t<\/div>\n<\/div><\/div>\n<\/div>\n\n\n\n<div class=\"wp-block-columns is-layout-flex wp-container-core-columns-is-layout-9d6595d7 wp-block-columns-is-layout-flex\">\n<div class=\"wp-block-column is-layout-flow wp-block-column-is-layout-flow\">\n<figure class=\"wp-block-embed is-type-wp-embed is-provider-o-p-i-des-tescou-039-s wp-block-embed-o-p-i-des-tescou-039-s\"><div class=\"wp-block-embed__wrapper\">\n<blockquote class=\"wp-embedded-content\" data-secret=\"UEoLk1AYMB\"><a href=\"https:\/\/www.o-p-i.fr\/aupays\/sinformer\/donnees-insee\/verlhac-tescou-des-chiffres-et-des-lettres\/\">Verlhac-Tescou &#8230; des chiffres et des lettres !<\/a><\/blockquote><iframe loading=\"lazy\" class=\"wp-embedded-content\" sandbox=\"allow-scripts\" security=\"restricted\" style=\"position: absolute; visibility: hidden;\" title=\"\u00ab\u00a0Verlhac-Tescou &#8230; des chiffres et des lettres !\u00a0\u00bb &#8212; O.P.I. des Tescous\" src=\"https:\/\/www.o-p-i.fr\/aupays\/sinformer\/donnees-insee\/verlhac-tescou-des-chiffres-et-des-lettres\/embed\/#?secret=RS99qIzh1w#?secret=UEoLk1AYMB\" data-secret=\"UEoLk1AYMB\" width=\"500\" height=\"282\" frameborder=\"0\" marginwidth=\"0\" marginheight=\"0\" scrolling=\"no\"><\/iframe>\n<\/div><\/figure>\n<\/div>\n\n\n\n<div class=\"wp-block-column is-layout-flow wp-block-column-is-layout-flow\">\n<h4 class=\"wp-block-heading\">Les derniers \u00e9v\u00e8nements \u00e0 Verlhac-Tescou (82)<\/h4>\n\n\n<ul class=\"wp-block-rss\"><li class='wp-block-rss__item'><div class='wp-block-rss__item-title'><a href='https:\/\/www.o-p-i.fr\/parlonsen\/parlons-en\/culture\/fete-du-patrimoine-a-verlhac-tescou-82-5\/'>F\u00eate du Patrimoine \u00e0 \u2026 Verlhac-Tescou (82)<\/a><\/div><\/li><li class='wp-block-rss__item'><div class='wp-block-rss__item-title'><a href='https:\/\/www.o-p-i.fr\/parlonsen\/localisation\/au-pays-des-tescous\/verlhac-tescou\/gymnastique-a-verlhac-tescou-2\/'>\u00ab\u00a0Gymnastique\u00a0\u00bb\u2026 \u00e0 Verlhac-Tescou (82)<\/a><\/div><\/li><li class='wp-block-rss__item'><div class='wp-block-rss__item-title'><a href='https:\/\/www.o-p-i.fr\/parlonsen\/localisation\/au-pays-des-tescous\/verlhac-tescou\/concert-guitare-voix-a-verlhac-tescou-82\/'>Concert Guitare\/Voix \u2026\u00e0 Verlhac-Tescou (82)<\/a><\/div><\/li><li class='wp-block-rss__item'><div class='wp-block-rss__item-title'><a href='https:\/\/www.o-p-i.fr\/parlonsen\/parlons-en\/pratique\/fete-du-patrimoine-a-verlhac-tescou-82-4\/'>F\u00eate du patrimoine\u2026 \u00e0 Verlhac Tescou (82)<\/a><\/div><\/li><li class='wp-block-rss__item'><div class='wp-block-rss__item-title'><a href='https:\/\/www.o-p-i.fr\/parlonsen\/parlons-en\/culture\/concert-vocal-chopska-a-verlhac-tescou-82\/'>Concert Vocal \u00ab\u00a0Chopska\u00a0\u00bb\u2026 \u00e0 Verlhac Tescou (82)<\/a><\/div><\/li><\/ul><\/div>\n<\/div>\n\n\n\n<p class=\"has-text-align-center\">Derni\u00e8re actualisation le : <\/p>\n\n\n<div class=\"wp-block-post-date__modified-date has-text-align-center wp-block-post-date\"><time datetime=\"2024-03-14T14:38:43+01:00\">14 mars 2024<\/time><\/div>","protected":false},"excerpt":{"rendered":"<div class=\"mh-excerpt\">Bienvenue sur la page d\u00e9di\u00e9e \u00e0 la commune de Verlhac-Tescou, situ\u00e9e \u00e0 la limite du Tarn et Garonne, du Tarn et la Haute-Garonne Services sociaux, de sant\u00e9, secours et s\u00e9curit\u00e9. Municipalit\u00e9 Pour venir \u00e0 Verlhac-Tescou <a class=\"mh-excerpt-more\" href=\"https:\/\/www.o-p-i.fr\/aupays\/verlhac-tescou-82230\/\" title=\"Verlhac-Tescou &#8211; 82230\">[&#8230;]<\/a><\/div>\n","protected":false},"author":5,"featured_media":0,"parent":0,"menu_order":0,"comment_status":"closed","ping_status":"closed","template":"","meta":{"footnotes":"","_links_to":"","_links_to_target":""},"coauthors":[],"class_list":["post-29457","page","type-page","status-publish"],"yoast_head":"<!-- This site is optimized with the Yoast SEO plugin v27.1.1 - https:\/\/yoast.com\/product\/yoast-seo-wordpress\/ -->\n<title>Verlhac-Tescou - 82230 - O.P.I. des Tescous<\/title>\n<meta name=\"description\" content=\"Toutes les informations sur Puygaillard-de-Quercy (82). Retrouvez les \u00e9v\u00e8nements, les services, artisans, producteurs, commerces et association sur la page de la commune ...\" \/>\n<meta name=\"robots\" content=\"index, follow, max-snippet:-1, max-image-preview:large, max-video-preview:-1\" \/>\n<link rel=\"canonical\" href=\"https:\/\/www.o-p-i.fr\/aupays\/verlhac-tescou-82230\/\" \/>\n<meta property=\"og:locale\" content=\"fr_FR\" \/>\n<meta property=\"og:type\" content=\"article\" \/>\n<meta property=\"og:title\" content=\"Verlhac-Tescou - 82230 - O.P.I. des Tescous\" \/>\n<meta property=\"og:description\" content=\"Toutes les informations sur Puygaillard-de-Quercy (82). Retrouvez les \u00e9v\u00e8nements, les services, artisans, producteurs, commerces et association sur la page de la commune ...\" \/>\n<meta property=\"og:url\" content=\"https:\/\/www.o-p-i.fr\/aupays\/verlhac-tescou-82230\/\" \/>\n<meta property=\"og:site_name\" content=\"O.P.I. des Tescous\" \/>\n<meta property=\"article:modified_time\" content=\"2024-03-14T13:38:43+00:00\" \/>\n<meta property=\"og:image\" content=\"https:\/\/www.o-p-i.fr\/aupays\/wp-content\/uploads\/info-pratique.jpg\" \/>\n<meta name=\"twitter:card\" content=\"summary_large_image\" \/>\n<meta name=\"twitter:label1\" content=\"Dur\u00e9e de lecture estim\u00e9e\" \/>\n\t<meta name=\"twitter:data1\" content=\"1 minute\" \/>\n\t<meta name=\"twitter:label2\" content=\"Written by\" \/>\n\t<meta name=\"twitter:data2\" content=\"Philippe\" \/>\n<script type=\"application\/ld+json\" class=\"yoast-schema-graph\">{\"@context\":\"https:\/\/schema.org\",\"@graph\":[{\"@type\":\"WebPage\",\"@id\":\"https:\/\/www.o-p-i.fr\/aupays\/verlhac-tescou-82230\/\",\"url\":\"https:\/\/www.o-p-i.fr\/aupays\/verlhac-tescou-82230\/\",\"name\":\"Verlhac-Tescou - 82230 - O.P.I. des Tescous\",\"isPartOf\":{\"@id\":\"https:\/\/www.o-p-i.fr\/aupays\/#website\"},\"primaryImageOfPage\":{\"@id\":\"https:\/\/www.o-p-i.fr\/aupays\/verlhac-tescou-82230\/#primaryimage\"},\"image\":{\"@id\":\"https:\/\/www.o-p-i.fr\/aupays\/verlhac-tescou-82230\/#primaryimage\"},\"thumbnailUrl\":\"https:\/\/www.o-p-i.fr\/aupays\/wp-content\/uploads\/info-pratique.jpg\",\"datePublished\":\"2024-03-14T13:30:34+00:00\",\"dateModified\":\"2024-03-14T13:38:43+00:00\",\"description\":\"Toutes les informations sur Puygaillard-de-Quercy (82). Retrouvez les \u00e9v\u00e8nements, les services, artisans, producteurs, commerces et association sur la page de la commune ...\",\"breadcrumb\":{\"@id\":\"https:\/\/www.o-p-i.fr\/aupays\/verlhac-tescou-82230\/#breadcrumb\"},\"inLanguage\":\"fr-FR\",\"potentialAction\":[{\"@type\":\"ReadAction\",\"target\":[\"https:\/\/www.o-p-i.fr\/aupays\/verlhac-tescou-82230\/\"]}]},{\"@type\":\"ImageObject\",\"inLanguage\":\"fr-FR\",\"@id\":\"https:\/\/www.o-p-i.fr\/aupays\/verlhac-tescou-82230\/#primaryimage\",\"url\":\"https:\/\/www.o-p-i.fr\/aupays\/wp-content\/uploads\/info-pratique.jpg?wsr\",\"contentUrl\":\"https:\/\/www.o-p-i.fr\/aupays\/wp-content\/uploads\/info-pratique.jpg?wsr\",\"width\":800,\"height\":532},{\"@type\":\"BreadcrumbList\",\"@id\":\"https:\/\/www.o-p-i.fr\/aupays\/verlhac-tescou-82230\/#breadcrumb\",\"itemListElement\":[{\"@type\":\"ListItem\",\"position\":1,\"name\":\"Accueil\",\"item\":\"https:\/\/www.o-p-i.fr\/aupays\/\"},{\"@type\":\"ListItem\",\"position\":2,\"name\":\"Verlhac-Tescou &#8211; 82230\"}]},{\"@type\":\"WebSite\",\"@id\":\"https:\/\/www.o-p-i.fr\/aupays\/#website\",\"url\":\"https:\/\/www.o-p-i.fr\/aupays\/\",\"name\":\"O.P.I. des Tescou's\",\"description\":\"Le Magazine du Pays des Tescou&#039;s\",\"publisher\":{\"@id\":\"https:\/\/www.o-p-i.fr\/aupays\/#organization\"},\"potentialAction\":[{\"@type\":\"SearchAction\",\"target\":{\"@type\":\"EntryPoint\",\"urlTemplate\":\"https:\/\/www.o-p-i.fr\/aupays\/?s={search_term_string}\"},\"query-input\":{\"@type\":\"PropertyValueSpecification\",\"valueRequired\":true,\"valueName\":\"search_term_string\"}}],\"inLanguage\":\"fr-FR\"},{\"@type\":\"Organization\",\"@id\":\"https:\/\/www.o-p-i.fr\/aupays\/#organization\",\"name\":\"O.P.I. des Tescou's\",\"url\":\"https:\/\/www.o-p-i.fr\/aupays\/\",\"logo\":{\"@type\":\"ImageObject\",\"inLanguage\":\"fr-FR\",\"@id\":\"https:\/\/www.o-p-i.fr\/aupays\/#\/schema\/logo\/image\/\",\"url\":\"https:\/\/www.o-p-i.fr\/aupays\/wp-content\/uploads\/bebe.png\",\"contentUrl\":\"https:\/\/www.o-p-i.fr\/aupays\/wp-content\/uploads\/bebe.png\",\"width\":630,\"height\":250,\"caption\":\"O.P.I. des Tescou's\"},\"image\":{\"@id\":\"https:\/\/www.o-p-i.fr\/aupays\/#\/schema\/logo\/image\/\"}}]}<\/script>\n<!-- \/ Yoast SEO plugin. -->","yoast_head_json":{"title":"Verlhac-Tescou - 82230 - O.P.I. des Tescous","description":"Toutes les informations sur Puygaillard-de-Quercy (82). Retrouvez les \u00e9v\u00e8nements, les services, artisans, producteurs, commerces et association sur la page de la commune ...","robots":{"index":"index","follow":"follow","max-snippet":"max-snippet:-1","max-image-preview":"max-image-preview:large","max-video-preview":"max-video-preview:-1"},"canonical":"https:\/\/www.o-p-i.fr\/aupays\/verlhac-tescou-82230\/","og_locale":"fr_FR","og_type":"article","og_title":"Verlhac-Tescou - 82230 - O.P.I. des Tescous","og_description":"Toutes les informations sur Puygaillard-de-Quercy (82). Retrouvez les \u00e9v\u00e8nements, les services, artisans, producteurs, commerces et association sur la page de la commune ...","og_url":"https:\/\/www.o-p-i.fr\/aupays\/verlhac-tescou-82230\/","og_site_name":"O.P.I. des Tescous","article_modified_time":"2024-03-14T13:38:43+00:00","og_image":[{"url":"https:\/\/www.o-p-i.fr\/aupays\/wp-content\/uploads\/info-pratique.jpg","type":"","width":"","height":""}],"twitter_card":"summary_large_image","twitter_misc":{"Dur\u00e9e de lecture estim\u00e9e":"1 minute","Written by":"Philippe"},"schema":{"@context":"https:\/\/schema.org","@graph":[{"@type":"WebPage","@id":"https:\/\/www.o-p-i.fr\/aupays\/verlhac-tescou-82230\/","url":"https:\/\/www.o-p-i.fr\/aupays\/verlhac-tescou-82230\/","name":"Verlhac-Tescou - 82230 - O.P.I. des Tescous","isPartOf":{"@id":"https:\/\/www.o-p-i.fr\/aupays\/#website"},"primaryImageOfPage":{"@id":"https:\/\/www.o-p-i.fr\/aupays\/verlhac-tescou-82230\/#primaryimage"},"image":{"@id":"https:\/\/www.o-p-i.fr\/aupays\/verlhac-tescou-82230\/#primaryimage"},"thumbnailUrl":"https:\/\/www.o-p-i.fr\/aupays\/wp-content\/uploads\/info-pratique.jpg","datePublished":"2024-03-14T13:30:34+00:00","dateModified":"2024-03-14T13:38:43+00:00","description":"Toutes les informations sur Puygaillard-de-Quercy (82). Retrouvez les \u00e9v\u00e8nements, les services, artisans, producteurs, commerces et association sur la page de la commune ...","breadcrumb":{"@id":"https:\/\/www.o-p-i.fr\/aupays\/verlhac-tescou-82230\/#breadcrumb"},"inLanguage":"fr-FR","potentialAction":[{"@type":"ReadAction","target":["https:\/\/www.o-p-i.fr\/aupays\/verlhac-tescou-82230\/"]}]},{"@type":"ImageObject","inLanguage":"fr-FR","@id":"https:\/\/www.o-p-i.fr\/aupays\/verlhac-tescou-82230\/#primaryimage","url":"https:\/\/www.o-p-i.fr\/aupays\/wp-content\/uploads\/info-pratique.jpg?wsr","contentUrl":"https:\/\/www.o-p-i.fr\/aupays\/wp-content\/uploads\/info-pratique.jpg?wsr","width":800,"height":532},{"@type":"BreadcrumbList","@id":"https:\/\/www.o-p-i.fr\/aupays\/verlhac-tescou-82230\/#breadcrumb","itemListElement":[{"@type":"ListItem","position":1,"name":"Accueil","item":"https:\/\/www.o-p-i.fr\/aupays\/"},{"@type":"ListItem","position":2,"name":"Verlhac-Tescou &#8211; 82230"}]},{"@type":"WebSite","@id":"https:\/\/www.o-p-i.fr\/aupays\/#website","url":"https:\/\/www.o-p-i.fr\/aupays\/","name":"O.P.I. des Tescou's","description":"Le Magazine du Pays des Tescou&#039;s","publisher":{"@id":"https:\/\/www.o-p-i.fr\/aupays\/#organization"},"potentialAction":[{"@type":"SearchAction","target":{"@type":"EntryPoint","urlTemplate":"https:\/\/www.o-p-i.fr\/aupays\/?s={search_term_string}"},"query-input":{"@type":"PropertyValueSpecification","valueRequired":true,"valueName":"search_term_string"}}],"inLanguage":"fr-FR"},{"@type":"Organization","@id":"https:\/\/www.o-p-i.fr\/aupays\/#organization","name":"O.P.I. des Tescou's","url":"https:\/\/www.o-p-i.fr\/aupays\/","logo":{"@type":"ImageObject","inLanguage":"fr-FR","@id":"https:\/\/www.o-p-i.fr\/aupays\/#\/schema\/logo\/image\/","url":"https:\/\/www.o-p-i.fr\/aupays\/wp-content\/uploads\/bebe.png","contentUrl":"https:\/\/www.o-p-i.fr\/aupays\/wp-content\/uploads\/bebe.png","width":630,"height":250,"caption":"O.P.I. des Tescou's"},"image":{"@id":"https:\/\/www.o-p-i.fr\/aupays\/#\/schema\/logo\/image\/"}}]}},"jetpack_sharing_enabled":true,"jetpack-related-posts":[],"jetpack_shortlink":"https:\/\/wp.me\/Pfni7X-7F7","_links":{"self":[{"href":"https:\/\/www.o-p-i.fr\/aupays\/wp-json\/wp\/v2\/pages\/29457","targetHints":{"allow":["GET"]}}],"collection":[{"href":"https:\/\/www.o-p-i.fr\/aupays\/wp-json\/wp\/v2\/pages"}],"about":[{"href":"https:\/\/www.o-p-i.fr\/aupays\/wp-json\/wp\/v2\/types\/page"}],"author":[{"embeddable":true,"href":"https:\/\/www.o-p-i.fr\/aupays\/wp-json\/wp\/v2\/users\/5"}],"replies":[{"embeddable":true,"href":"https:\/\/www.o-p-i.fr\/aupays\/wp-json\/wp\/v2\/comments?post=29457"}],"version-history":[{"count":3,"href":"https:\/\/www.o-p-i.fr\/aupays\/wp-json\/wp\/v2\/pages\/29457\/revisions"}],"predecessor-version":[{"id":29462,"href":"https:\/\/www.o-p-i.fr\/aupays\/wp-json\/wp\/v2\/pages\/29457\/revisions\/29462"}],"wp:attachment":[{"href":"https:\/\/www.o-p-i.fr\/aupays\/wp-json\/wp\/v2\/media?parent=29457"}],"wp:term":[{"taxonomy":"author","embeddable":true,"href":"https:\/\/www.o-p-i.fr\/aupays\/wp-json\/wp\/v2\/coauthors?post=29457"}],"curies":[{"name":"wp","href":"https:\/\/api.w.org\/{rel}","templated":true}]}}