{"id":5568,"date":"2014-01-02T11:42:19","date_gmt":"2014-01-02T10:42:19","guid":{"rendered":"\/aupays\/?page_id=5568"},"modified":"2025-02-05T23:33:44","modified_gmt":"2025-02-05T22:33:44","slug":"produire-et-acheter-ici","status":"publish","type":"page","link":"https:\/\/www.o-p-i.fr\/aupays\/opi\/editos-archives\/produire-et-acheter-ici\/","title":{"rendered":"Produire et acheter ici"},"content":{"rendered":"<p style=\"text-align: justify;\">L&rsquo;op\u00e9ration \u00ab\u00a0<strong>Je produis ici, je vends ici &#8230; et moi j&rsquo;habite ici, j&rsquo;ach\u00e8te ici !<\/strong>\u00a0\u00bb a trouv\u00e9 sa concr\u00e9tisation. Au c\u0153ur du village de Monclar de Quercy,\u00a0 \u00e0 deux pas de la base de loisirs des 3 Lacs,\u00a0 Le groupement d\u2019achat citoyen (GAC) de Monclar-de-Quercy vise \u00e0 regrouper des acteurs et des actrices, consommateurs et consommatrices qui s\u2019engagent dans l\u2019achat r\u00e9fl\u00e9chi de produits (aliments, cosm\u00e9tiques, produits d\u2019entretien, etc.)<\/p>\n<p>Au-del\u00e0 de la seule distribution de produits, le <a href=\"https:\/\/www.lamichemin.fr\/gac\/\">GAC de Monclar-de-Quercy<\/a> est un espace de convivialit\u00e9, d\u2019entraide et d\u2019\u00e9changes.<\/p>\n<p>Vous pouvez\u00a0 d\u00e8s maintenant vous connecter \u00e0 <a href=\"https:\/\/www.local.direct\/\" target=\"_blank\" rel=\"noopener noreferrer\">local.direct<\/a><\/p>\n<p>Pour r\u00e9f\u00e9rencer votre activit\u00e9 dans l&rsquo;annuaire, <a href=\"https:\/\/www.o-p-i.fr\/aupays\/referencez-votre-activite\/\">cliquez ici !<\/a><\/p>\n<p><a href=\"https:\/\/www.o-p-i.fr\/aupays\/opi\/editos-archives\/\">Retrouvez les anciens \u00e9ditos d&rsquo;OPI<\/a><\/p>\n","protected":false},"excerpt":{"rendered":"<div class=\"mh-excerpt\">L&rsquo;op\u00e9ration \u00ab\u00a0Je produis ici, je vends ici &#8230; et moi j&rsquo;habite ici, j&rsquo;ach\u00e8te ici !\u00a0\u00bb a trouv\u00e9 sa concr\u00e9tisation. Au c\u0153ur du village de Monclar de Quercy,\u00a0 \u00e0 deux pas de la base de loisirs <a class=\"mh-excerpt-more\" href=\"https:\/\/www.o-p-i.fr\/aupays\/opi\/editos-archives\/produire-et-acheter-ici\/\" title=\"Produire et acheter ici\">[&#8230;]<\/a><\/div>\n","protected":false},"author":2,"featured_media":0,"parent":32090,"menu_order":6,"comment_status":"closed","ping_status":"open","template":"","meta":{"footnotes":"","_links_to":"","_links_to_target":""},"coauthors":[1203],"class_list":["post-5568","page","type-page","status-publish"],"yoast_head":"<!-- This site is optimized with the Yoast SEO plugin v27.1.1 - https:\/\/yoast.com\/product\/yoast-seo-wordpress\/ -->\n<title>Produire et acheter ici - O.P.I. des Tescous<\/title>\n<meta name=\"robots\" content=\"index, follow, max-snippet:-1, max-image-preview:large, max-video-preview:-1\" \/>\n<link rel=\"canonical\" href=\"https:\/\/www.o-p-i.fr\/aupays\/opi\/editos-archives\/produire-et-acheter-ici\/\" \/>\n<meta property=\"og:locale\" content=\"fr_FR\" \/>\n<meta property=\"og:type\" content=\"article\" \/>\n<meta property=\"og:title\" content=\"Produire et acheter ici - O.P.I. des Tescous\" \/>\n<meta property=\"og:description\" content=\"L&rsquo;op\u00e9ration \u00ab\u00a0Je produis ici, je vends ici &#8230; et moi j&rsquo;habite ici, j&rsquo;ach\u00e8te ici !\u00a0\u00bb a trouv\u00e9 sa concr\u00e9tisation. Au c\u0153ur du village de Monclar de Quercy,\u00a0 \u00e0 deux pas de la base de loisirs [...]\" \/>\n<meta property=\"og:url\" content=\"https:\/\/www.o-p-i.fr\/aupays\/opi\/editos-archives\/produire-et-acheter-ici\/\" \/>\n<meta property=\"og:site_name\" content=\"O.P.I. des Tescous\" \/>\n<meta property=\"article:modified_time\" content=\"2025-02-05T22:33:44+00:00\" \/>\n<meta name=\"twitter:card\" content=\"summary_large_image\" \/>\n<meta name=\"twitter:label1\" content=\"Dur\u00e9e de lecture estim\u00e9e\" \/>\n\t<meta name=\"twitter:data1\" content=\"1 minute\" \/>\n\t<meta name=\"twitter:label2\" content=\"Written by\" \/>\n\t<meta name=\"twitter:data2\" content=\"Emilie\" \/>\n<script type=\"application\/ld+json\" class=\"yoast-schema-graph\">{\"@context\":\"https:\/\/schema.org\",\"@graph\":[{\"@type\":\"WebPage\",\"@id\":\"https:\/\/www.o-p-i.fr\/aupays\/opi\/editos-archives\/produire-et-acheter-ici\/\",\"url\":\"https:\/\/www.o-p-i.fr\/aupays\/opi\/editos-archives\/produire-et-acheter-ici\/\",\"name\":\"Produire et acheter ici - O.P.I. des Tescous\",\"isPartOf\":{\"@id\":\"https:\/\/www.o-p-i.fr\/aupays\/#website\"},\"datePublished\":\"2014-01-02T10:42:19+00:00\",\"dateModified\":\"2025-02-05T22:33:44+00:00\",\"breadcrumb\":{\"@id\":\"https:\/\/www.o-p-i.fr\/aupays\/opi\/editos-archives\/produire-et-acheter-ici\/#breadcrumb\"},\"inLanguage\":\"fr-FR\",\"potentialAction\":[{\"@type\":\"ReadAction\",\"target\":[\"https:\/\/www.o-p-i.fr\/aupays\/opi\/editos-archives\/produire-et-acheter-ici\/\"]}]},{\"@type\":\"BreadcrumbList\",\"@id\":\"https:\/\/www.o-p-i.fr\/aupays\/opi\/editos-archives\/produire-et-acheter-ici\/#breadcrumb\",\"itemListElement\":[{\"@type\":\"ListItem\",\"position\":1,\"name\":\"Accueil\",\"item\":\"https:\/\/www.o-p-i.fr\/aupays\/\"},{\"@type\":\"ListItem\",\"position\":2,\"name\":\"O.P.I.\",\"item\":\"https:\/\/www.o-p-i.fr\/aupays\/lassociation\/ah-lasso\/\"},{\"@type\":\"ListItem\",\"position\":3,\"name\":\"Editos &#8211; Archives\",\"item\":\"https:\/\/www.o-p-i.fr\/aupays\/opi\/editos-archives\/\"},{\"@type\":\"ListItem\",\"position\":4,\"name\":\"Produire et acheter ici\"}]},{\"@type\":\"WebSite\",\"@id\":\"https:\/\/www.o-p-i.fr\/aupays\/#website\",\"url\":\"https:\/\/www.o-p-i.fr\/aupays\/\",\"name\":\"O.P.I. des Tescou's\",\"description\":\"Le Magazine du Pays des Tescou&#039;s\",\"publisher\":{\"@id\":\"https:\/\/www.o-p-i.fr\/aupays\/#organization\"},\"potentialAction\":[{\"@type\":\"SearchAction\",\"target\":{\"@type\":\"EntryPoint\",\"urlTemplate\":\"https:\/\/www.o-p-i.fr\/aupays\/?s={search_term_string}\"},\"query-input\":{\"@type\":\"PropertyValueSpecification\",\"valueRequired\":true,\"valueName\":\"search_term_string\"}}],\"inLanguage\":\"fr-FR\"},{\"@type\":\"Organization\",\"@id\":\"https:\/\/www.o-p-i.fr\/aupays\/#organization\",\"name\":\"O.P.I. des Tescou's\",\"url\":\"https:\/\/www.o-p-i.fr\/aupays\/\",\"logo\":{\"@type\":\"ImageObject\",\"inLanguage\":\"fr-FR\",\"@id\":\"https:\/\/www.o-p-i.fr\/aupays\/#\/schema\/logo\/image\/\",\"url\":\"https:\/\/www.o-p-i.fr\/aupays\/wp-content\/uploads\/bebe.png\",\"contentUrl\":\"https:\/\/www.o-p-i.fr\/aupays\/wp-content\/uploads\/bebe.png\",\"width\":630,\"height\":250,\"caption\":\"O.P.I. des Tescou's\"},\"image\":{\"@id\":\"https:\/\/www.o-p-i.fr\/aupays\/#\/schema\/logo\/image\/\"}}]}<\/script>\n<!-- \/ Yoast SEO plugin. -->","yoast_head_json":{"title":"Produire et acheter ici - O.P.I. des Tescous","robots":{"index":"index","follow":"follow","max-snippet":"max-snippet:-1","max-image-preview":"max-image-preview:large","max-video-preview":"max-video-preview:-1"},"canonical":"https:\/\/www.o-p-i.fr\/aupays\/opi\/editos-archives\/produire-et-acheter-ici\/","og_locale":"fr_FR","og_type":"article","og_title":"Produire et acheter ici - O.P.I. des Tescous","og_description":"L&rsquo;op\u00e9ration \u00ab\u00a0Je produis ici, je vends ici &#8230; et moi j&rsquo;habite ici, j&rsquo;ach\u00e8te ici !\u00a0\u00bb a trouv\u00e9 sa concr\u00e9tisation. Au c\u0153ur du village de Monclar de Quercy,\u00a0 \u00e0 deux pas de la base de loisirs [...]","og_url":"https:\/\/www.o-p-i.fr\/aupays\/opi\/editos-archives\/produire-et-acheter-ici\/","og_site_name":"O.P.I. des Tescous","article_modified_time":"2025-02-05T22:33:44+00:00","twitter_card":"summary_large_image","twitter_misc":{"Dur\u00e9e de lecture estim\u00e9e":"1 minute","Written by":"Emilie"},"schema":{"@context":"https:\/\/schema.org","@graph":[{"@type":"WebPage","@id":"https:\/\/www.o-p-i.fr\/aupays\/opi\/editos-archives\/produire-et-acheter-ici\/","url":"https:\/\/www.o-p-i.fr\/aupays\/opi\/editos-archives\/produire-et-acheter-ici\/","name":"Produire et acheter ici - O.P.I. des Tescous","isPartOf":{"@id":"https:\/\/www.o-p-i.fr\/aupays\/#website"},"datePublished":"2014-01-02T10:42:19+00:00","dateModified":"2025-02-05T22:33:44+00:00","breadcrumb":{"@id":"https:\/\/www.o-p-i.fr\/aupays\/opi\/editos-archives\/produire-et-acheter-ici\/#breadcrumb"},"inLanguage":"fr-FR","potentialAction":[{"@type":"ReadAction","target":["https:\/\/www.o-p-i.fr\/aupays\/opi\/editos-archives\/produire-et-acheter-ici\/"]}]},{"@type":"BreadcrumbList","@id":"https:\/\/www.o-p-i.fr\/aupays\/opi\/editos-archives\/produire-et-acheter-ici\/#breadcrumb","itemListElement":[{"@type":"ListItem","position":1,"name":"Accueil","item":"https:\/\/www.o-p-i.fr\/aupays\/"},{"@type":"ListItem","position":2,"name":"O.P.I.","item":"https:\/\/www.o-p-i.fr\/aupays\/lassociation\/ah-lasso\/"},{"@type":"ListItem","position":3,"name":"Editos &#8211; Archives","item":"https:\/\/www.o-p-i.fr\/aupays\/opi\/editos-archives\/"},{"@type":"ListItem","position":4,"name":"Produire et acheter ici"}]},{"@type":"WebSite","@id":"https:\/\/www.o-p-i.fr\/aupays\/#website","url":"https:\/\/www.o-p-i.fr\/aupays\/","name":"O.P.I. des Tescou's","description":"Le Magazine du Pays des Tescou&#039;s","publisher":{"@id":"https:\/\/www.o-p-i.fr\/aupays\/#organization"},"potentialAction":[{"@type":"SearchAction","target":{"@type":"EntryPoint","urlTemplate":"https:\/\/www.o-p-i.fr\/aupays\/?s={search_term_string}"},"query-input":{"@type":"PropertyValueSpecification","valueRequired":true,"valueName":"search_term_string"}}],"inLanguage":"fr-FR"},{"@type":"Organization","@id":"https:\/\/www.o-p-i.fr\/aupays\/#organization","name":"O.P.I. des Tescou's","url":"https:\/\/www.o-p-i.fr\/aupays\/","logo":{"@type":"ImageObject","inLanguage":"fr-FR","@id":"https:\/\/www.o-p-i.fr\/aupays\/#\/schema\/logo\/image\/","url":"https:\/\/www.o-p-i.fr\/aupays\/wp-content\/uploads\/bebe.png","contentUrl":"https:\/\/www.o-p-i.fr\/aupays\/wp-content\/uploads\/bebe.png","width":630,"height":250,"caption":"O.P.I. des Tescou's"},"image":{"@id":"https:\/\/www.o-p-i.fr\/aupays\/#\/schema\/logo\/image\/"}}]}},"jetpack_sharing_enabled":true,"jetpack-related-posts":[],"jetpack_shortlink":"https:\/\/wp.me\/Pfni7X-1rO","_links":{"self":[{"href":"https:\/\/www.o-p-i.fr\/aupays\/wp-json\/wp\/v2\/pages\/5568","targetHints":{"allow":["GET"]}}],"collection":[{"href":"https:\/\/www.o-p-i.fr\/aupays\/wp-json\/wp\/v2\/pages"}],"about":[{"href":"https:\/\/www.o-p-i.fr\/aupays\/wp-json\/wp\/v2\/types\/page"}],"author":[{"embeddable":true,"href":"https:\/\/www.o-p-i.fr\/aupays\/wp-json\/wp\/v2\/users\/2"}],"replies":[{"embeddable":true,"href":"https:\/\/www.o-p-i.fr\/aupays\/wp-json\/wp\/v2\/comments?post=5568"}],"version-history":[{"count":21,"href":"https:\/\/www.o-p-i.fr\/aupays\/wp-json\/wp\/v2\/pages\/5568\/revisions"}],"predecessor-version":[{"id":32096,"href":"https:\/\/www.o-p-i.fr\/aupays\/wp-json\/wp\/v2\/pages\/5568\/revisions\/32096"}],"up":[{"embeddable":true,"href":"https:\/\/www.o-p-i.fr\/aupays\/wp-json\/wp\/v2\/pages\/32090"}],"wp:attachment":[{"href":"https:\/\/www.o-p-i.fr\/aupays\/wp-json\/wp\/v2\/media?parent=5568"}],"wp:term":[{"taxonomy":"author","embeddable":true,"href":"https:\/\/www.o-p-i.fr\/aupays\/wp-json\/wp\/v2\/coauthors?post=5568"}],"curies":[{"name":"wp","href":"https:\/\/api.w.org\/{rel}","templated":true}]}}